{"id":1971,"date":"2020-02-12T05:50:19","date_gmt":"2020-02-12T10:50:19","guid":{"rendered":"http:\/\/test.test.test.isblite.comproducts\/previous-generation-products\/"},"modified":"2020-07-17T13:39:08","modified_gmt":"2020-07-17T18:39:08","slug":"previous-generation-products","status":"publish","type":"page","link":"https:\/\/test.isblite.com\/es\/products\/previous-generation-products\/","title":{"rendered":"Productos de generaciones anteriores"},"content":{"rendered":"\t\t<div data-elementor-type=\"wp-page\" data-elementor-id=\"1971\" class=\"elementor elementor-1971 elementor-372\">\n\t\t\t\t\t\t\t\t\t<section class=\"elementor-section elementor-top-section elementor-element elementor-element-3e1d699 elementor-section-boxed elementor-section-height-default elementor-section-height-default\" data-id=\"3e1d699\" data-element_type=\"section\">\n\t\t\t\t\t\t<div class=\"elementor-container elementor-column-gap-default\">\n\t\t\t\t\t<div class=\"elementor-column elementor-col-100 elementor-top-column elementor-element elementor-element-4add89f\" data-id=\"4add89f\" data-element_type=\"column\">\n\t\t\t<div class=\"elementor-widget-wrap elementor-element-populated\">\n\t\t\t\t\t\t\t\t<div class=\"elementor-element elementor-element-4709236 elementor-widget elementor-widget-heading\" data-id=\"4709236\" data-element_type=\"widget\" data-widget_type=\"heading.default\">\n\t\t\t\t<div class=\"elementor-widget-container\">\n\t\t\t<h2 class=\"elementor-heading-title elementor-size-default\">PRODUCTOS DE GENERACIONES ANTERIORES<\/h2>\t\t<\/div>\n\t\t\t\t<\/div>\n\t\t\t\t\t<\/div>\n\t\t<\/div>\n\t\t\t\t\t\t\t<\/div>\n\t\t<\/section>\n\t\t\t\t<section class=\"elementor-section elementor-top-section elementor-element elementor-element-e230510 elementor-section-boxed elementor-section-height-default elementor-section-height-default\" data-id=\"e230510\" data-element_type=\"section\">\n\t\t\t\t\t\t<div class=\"elementor-container elementor-column-gap-default\">\n\t\t\t\t\t<div class=\"elementor-column elementor-col-100 elementor-top-column elementor-element elementor-element-e95bd51\" data-id=\"e95bd51\" data-element_type=\"column\">\n\t\t\t<div class=\"elementor-widget-wrap elementor-element-populated\">\n\t\t\t\t\t\t\t\t<div class=\"elementor-element elementor-element-9010f4f elementor-widget elementor-widget-text-editor\" data-id=\"9010f4f\" data-element_type=\"widget\" data-widget_type=\"text-editor.default\">\n\t\t\t\t<div class=\"elementor-widget-container\">\n\t\t\t\t\t\t\t<div class=\"text-wrap tlid-copy-target\">\n<div class=\"result-shield-container tlid-copy-target\" tabindex=\"0\"><span class=\"tlid-translation translation\" lang=\"es\"><span class=\"\" title=\"\">ISB est\u00e1 orgulloso de su larga historia.<\/span> <span class=\"\" title=\"\">Nos comprometemos a seguir apoyando a nuestros clientes prestando servicio a nuestros productos tanto como sea posible.<\/span><br \/>\n<span class=\"\" title=\"\">Algunos de nuestros productos han estado en servicio desde fines de la d\u00e9cada de 1970, y es comprensible que ya no sea posible mantenerlos.<\/span><br \/>\n<span title=\"\">Si necesita informaci\u00f3n sobre cualquiera de los productos que se muestran a continuaci\u00f3n, cont\u00e1ctenos y nuestro representante estar\u00e1 encantado de ayudarlo.<\/span><\/p>\n<p><span title=\"\">Fiable en todos los sentidos posibles.<\/span><\/p>\n<p><span title=\"\">Aunque estos son nuestros productos de la generaci\u00f3n anterior, han demostrado ser tan confiables como parece.<\/span> <span title=\"\">Probado para resistir incluso la tarea m\u00e1s dura y exigente, estos productos continuar\u00e1n funcionando.<\/span><\/span><\/div>\n<\/div>\n\t\t\t\t\t\t<\/div>\n\t\t\t\t<\/div>\n\t\t\t\t\t<\/div>\n\t\t<\/div>\n\t\t\t\t\t\t\t<\/div>\n\t\t<\/section>\n\t\t\t\t<section class=\"elementor-section elementor-top-section elementor-element elementor-element-1a57a04 elementor-section-boxed elementor-section-height-default elementor-section-height-default\" data-id=\"1a57a04\" data-element_type=\"section\">\n\t\t\t\t\t\t<div class=\"elementor-container elementor-column-gap-default\">\n\t\t\t\t\t<div class=\"elementor-column elementor-col-50 elementor-top-column elementor-element elementor-element-b68afcb\" data-id=\"b68afcb\" data-element_type=\"column\">\n\t\t\t<div class=\"elementor-widget-wrap elementor-element-populated\">\n\t\t\t\t\t\t\t\t<div class=\"elementor-element elementor-element-66b93d3 elementor-widget elementor-widget-image\" data-id=\"66b93d3\" data-element_type=\"widget\" data-widget_type=\"image.default\">\n\t\t\t\t<div class=\"elementor-widget-container\">\n\t\t\t\t\t\t\t\t\t\t\t\t\t\t\t<img loading=\"lazy\" decoding=\"async\" width=\"300\" height=\"258\" src=\"https:\/\/test.isblite.com\/wp-content\/uploads\/2020\/02\/11_1_PressBrake-300x258.jpg\" class=\"attachment-medium size-medium wp-image-674\" alt=\"\" srcset=\"https:\/\/test.isblite.com\/wp-content\/uploads\/2020\/02\/11_1_PressBrake-300x258.jpg 300w, https:\/\/test.isblite.com\/wp-content\/uploads\/2020\/02\/11_1_PressBrake.jpg 475w\" sizes=\"auto, (max-width: 300px) 100vw, 300px\" \/>\t\t\t\t\t\t\t\t\t\t\t\t\t\t\t<\/div>\n\t\t\t\t<\/div>\n\t\t\t\t\t<\/div>\n\t\t<\/div>\n\t\t\t\t<div class=\"elementor-column elementor-col-50 elementor-top-column elementor-element elementor-element-d9dc56b\" data-id=\"d9dc56b\" data-element_type=\"column\">\n\t\t\t<div class=\"elementor-widget-wrap elementor-element-populated\">\n\t\t\t\t\t\t\t\t<div class=\"elementor-element elementor-element-1d9749d elementor-widget elementor-widget-text-editor\" data-id=\"1d9749d\" data-element_type=\"widget\" data-widget_type=\"text-editor.default\">\n\t\t\t\t<div class=\"elementor-widget-container\">\n\t\t\t\t\t\t\t<h6>Controlador de barrera infrarroja Serie Merlin 3000<\/h6><p><span class=\"tlid-translation translation\" lang=\"es\"><span class=\"\" title=\"\">Es posible que se requiera un conjunto de columnas est\u00e1ndar de Merlin, cables MTW de Merlin, soportes de montaje de protecci\u00f3n lateral, paquetes de interfaz de barrera infrarroja y servicios de instalaci\u00f3n.<\/span> <span title=\"\">Consulte a la f\u00e1brica antes de realizar su compra.<\/span><\/span><\/p><p><span title=\"\">Este producto fue reemplazado por el nuevo <a href=\"https:\/\/test.isblite.com\/es\/products\/merlin-press-brake-guarding\/\">sistema de protecci\u00f3n de prensa plegadora Merlin 4000<\/a>.<\/span><\/p>\t\t\t\t\t\t<\/div>\n\t\t\t\t<\/div>\n\t\t\t\t\t<\/div>\n\t\t<\/div>\n\t\t\t\t\t\t\t<\/div>\n\t\t<\/section>\n\t\t\t\t<section class=\"elementor-section elementor-top-section elementor-element elementor-element-9ba9244 elementor-section-boxed elementor-section-height-default elementor-section-height-default\" data-id=\"9ba9244\" data-element_type=\"section\">\n\t\t\t\t\t\t<div class=\"elementor-container elementor-column-gap-default\">\n\t\t\t\t\t<div class=\"elementor-column elementor-col-50 elementor-top-column elementor-element elementor-element-4322794\" data-id=\"4322794\" data-element_type=\"column\">\n\t\t\t<div class=\"elementor-widget-wrap elementor-element-populated\">\n\t\t\t\t\t\t\t\t<div class=\"elementor-element elementor-element-c8d49fe elementor-widget elementor-widget-image\" data-id=\"c8d49fe\" data-element_type=\"widget\" data-widget_type=\"image.default\">\n\t\t\t\t<div class=\"elementor-widget-container\">\n\t\t\t\t\t\t\t\t\t\t\t\t\t\t\t<img loading=\"lazy\" decoding=\"async\" width=\"148\" height=\"176\" src=\"https:\/\/test.isblite.com\/wp-content\/uploads\/2020\/02\/MTBSmaller.jpg\" class=\"attachment-large size-large wp-image-1499\" alt=\"\" \/>\t\t\t\t\t\t\t\t\t\t\t\t\t\t\t<\/div>\n\t\t\t\t<\/div>\n\t\t\t\t<div class=\"elementor-element elementor-element-c3e4745 elementor-widget elementor-widget-image\" data-id=\"c3e4745\" data-element_type=\"widget\" data-widget_type=\"image.default\">\n\t\t\t\t<div class=\"elementor-widget-container\">\n\t\t\t\t\t\t\t\t\t\t\t\t\t\t\t<img loading=\"lazy\" decoding=\"async\" width=\"148\" height=\"190\" src=\"https:\/\/test.isblite.com\/wp-content\/uploads\/2020\/02\/PMT.jpg\" class=\"attachment-large size-large wp-image-1502\" alt=\"\" \/>\t\t\t\t\t\t\t\t\t\t\t\t\t\t\t<\/div>\n\t\t\t\t<\/div>\n\t\t\t\t\t<\/div>\n\t\t<\/div>\n\t\t\t\t<div class=\"elementor-column elementor-col-50 elementor-top-column elementor-element elementor-element-30e3bc6\" data-id=\"30e3bc6\" data-element_type=\"column\">\n\t\t\t<div class=\"elementor-widget-wrap elementor-element-populated\">\n\t\t\t\t\t\t\t\t<div class=\"elementor-element elementor-element-32b2acb elementor-widget elementor-widget-text-editor\" data-id=\"32b2acb\" data-element_type=\"widget\" data-widget_type=\"text-editor.default\">\n\t\t\t\t<div class=\"elementor-widget-container\">\n\t\t\t\t\t\t\t<h6>MTB\u00a0 PMT 2000<\/h6><p><span class=\"tlid-translation translation\" lang=\"es\"><span class=\"\" title=\"\">Los controladores Merlin MTB y PMT fueron dise\u00f1ados para operar con las columnas de barrera infrarroja de la serie &#8220;T&#8221; de Merlin.<\/span> <span title=\"\">Este producto es ideal para una amplia variedad de aplicaciones industriales de protecci\u00f3n de punto de operaci\u00f3n industrial de categor\u00eda 4, que incluyen prensas mec\u00e1nicas, prensas hidr\u00e1ulicas, m\u00e1quinas de ensamblaje automatizadas, l\u00edneas de perfilado, l\u00edneas de soldadura y casi cualquier otra m\u00e1quina que tenga un control el\u00e9ctrico confiable<\/span> <span title=\"\">y donde el movimiento peligroso de la m\u00e1quina se puede detener en cualquier parte del ciclo de la m\u00e1quina, cuando los rel\u00e9s de salida de seguridad de Merlin generan una se\u00f1al de parada.<\/span><\/span><\/p><p><span title=\"\">Este producto fue reemplazado por la nueva <a href=\"https:\/\/test.isblite.com\/es\/products\/safety-light-curtains\/\">serie MX4000 de barreras infrarrojas<\/a>.<\/span><\/p>\t\t\t\t\t\t<\/div>\n\t\t\t\t<\/div>\n\t\t\t\t<div class=\"elementor-element elementor-element-f8d6ea0 elementor-widget elementor-widget-text-editor\" data-id=\"f8d6ea0\" data-element_type=\"widget\" data-widget_type=\"text-editor.default\">\n\t\t\t\t<div class=\"elementor-widget-container\">\n\t\t\t\t\t\t\t\t\t\t\t\t\t<\/div>\n\t\t\t\t<\/div>\n\t\t\t\t\t<\/div>\n\t\t<\/div>\n\t\t\t\t\t\t\t<\/div>\n\t\t<\/section>\n\t\t\t\t<section class=\"elementor-section elementor-top-section elementor-element elementor-element-2629a50 elementor-section-boxed elementor-section-height-default elementor-section-height-default\" data-id=\"2629a50\" data-element_type=\"section\">\n\t\t\t\t\t\t<div class=\"elementor-container elementor-column-gap-default\">\n\t\t\t\t\t<div class=\"elementor-column elementor-col-50 elementor-top-column elementor-element elementor-element-6e82ebd\" data-id=\"6e82ebd\" data-element_type=\"column\">\n\t\t\t<div class=\"elementor-widget-wrap elementor-element-populated\">\n\t\t\t\t\t\t\t\t<div class=\"elementor-element elementor-element-c9fc790 elementor-widget elementor-widget-image\" data-id=\"c9fc790\" data-element_type=\"widget\" data-widget_type=\"image.default\">\n\t\t\t\t<div class=\"elementor-widget-container\">\n\t\t\t\t\t\t\t\t\t\t\t\t\t\t\t<img loading=\"lazy\" decoding=\"async\" width=\"93\" height=\"300\" src=\"https:\/\/test.isblite.com\/wp-content\/uploads\/2020\/03\/Screenshot_2020-03-17-MT-Safety-Light-Curtain-Manufacturers-93x300.png\" class=\"attachment-medium size-medium wp-image-2350\" alt=\"\" srcset=\"https:\/\/test.isblite.com\/wp-content\/uploads\/2020\/03\/Screenshot_2020-03-17-MT-Safety-Light-Curtain-Manufacturers-93x300.png 93w, https:\/\/test.isblite.com\/wp-content\/uploads\/2020\/03\/Screenshot_2020-03-17-MT-Safety-Light-Curtain-Manufacturers.png 302w\" sizes=\"auto, (max-width: 93px) 100vw, 93px\" \/>\t\t\t\t\t\t\t\t\t\t\t\t\t\t\t<\/div>\n\t\t\t\t<\/div>\n\t\t\t\t<div class=\"elementor-element elementor-element-9668f1b elementor-widget elementor-widget-image\" data-id=\"9668f1b\" data-element_type=\"widget\" data-widget_type=\"image.default\">\n\t\t\t\t<div class=\"elementor-widget-container\">\n\t\t\t\t\t\t\t\t\t\t\t\t\t\t\t<img loading=\"lazy\" decoding=\"async\" width=\"278\" height=\"278\" src=\"https:\/\/test.isblite.com\/wp-content\/uploads\/2020\/02\/merlin_mtw_cable_2.jpg\" class=\"attachment-large size-large wp-image-690\" alt=\"\" srcset=\"https:\/\/test.isblite.com\/wp-content\/uploads\/2020\/02\/merlin_mtw_cable_2.jpg 278w, https:\/\/test.isblite.com\/wp-content\/uploads\/2020\/02\/merlin_mtw_cable_2-150x150.jpg 150w\" sizes=\"auto, (max-width: 278px) 100vw, 278px\" \/>\t\t\t\t\t\t\t\t\t\t\t\t\t\t\t<\/div>\n\t\t\t\t<\/div>\n\t\t\t\t\t<\/div>\n\t\t<\/div>\n\t\t\t\t<div class=\"elementor-column elementor-col-50 elementor-top-column elementor-element elementor-element-45f4b8c\" data-id=\"45f4b8c\" data-element_type=\"column\">\n\t\t\t<div class=\"elementor-widget-wrap elementor-element-populated\">\n\t\t\t\t\t\t\t\t<div class=\"elementor-element elementor-element-85b23c2 elementor-widget elementor-widget-text-editor\" data-id=\"85b23c2\" data-element_type=\"widget\" data-widget_type=\"text-editor.default\">\n\t\t\t\t<div class=\"elementor-widget-container\">\n\t\t\t\t\t\t\t<p>Barreras infrarrojas MT y cables<\/p>\n\t\t\t\t\t\t<\/div>\n\t\t\t\t<\/div>\n\t\t\t\t<div class=\"elementor-element elementor-element-01fa04a elementor-widget elementor-widget-text-editor\" data-id=\"01fa04a\" data-element_type=\"widget\" data-widget_type=\"text-editor.default\">\n\t\t\t\t<div class=\"elementor-widget-container\">\n\t\t\t\t\t\t\t<p><span class=\"tlid-translation translation\" lang=\"es\"><span class=\"\" title=\"\">Las barreras infrarrojas de seguridad de la serie &#8220;T&#8221; de Merlin fueron dise\u00f1adas para operar en el ambiente hostil que se encuentra a menudo en las industrias de estampado y fabricaci\u00f3n de metal. Las columnas junto con la serie de controladores MTB, PMT o Merlin MTC-3000 y un par de cables de interconexi\u00f3n<\/span> <span title=\"\">se requieren para configurar un sistema de barrera infrarroja. Este producto fue reemplazado por la nueva serie de <a href=\"https:\/\/test.isblite.com\/es\/products\/safety-light-curtains\/\">barreras infrarrojas MX4000<\/a>.<\/span><\/span><\/p>\t\t\t\t\t\t<\/div>\n\t\t\t\t<\/div>\n\t\t\t\t<div class=\"elementor-element elementor-element-647f844 elementor-widget elementor-widget-text-editor\" data-id=\"647f844\" data-element_type=\"widget\" data-widget_type=\"text-editor.default\">\n\t\t\t\t<div class=\"elementor-widget-container\">\n\t\t\t\t\t\t\t<div class=\"text-wrap tlid-copy-target\"><div class=\"result-shield-container tlid-copy-target\" tabindex=\"0\"><span class=\"tlid-translation translation\" lang=\"es\"><span class=\"\" title=\"\">Cables de interconexi\u00f3n de barrera infrarroja MT, varias longitudes.<\/span> <span title=\"\">Conectores de metal en ambos extremos.<\/span> <span title=\"\">P\u00f3ngase en <a href=\"https:\/\/test.isblite.com\/es\/contact-us\/\">contacto<\/a> con nosotros si necesita reemplazar los cables.<\/span><\/span><\/div><\/div><div class=\"tlid-result-transliteration-container result-transliteration-container transliteration-container\"><div class=\"tlid-transliteration-content transliteration-content full\">\u00a0<\/div><\/div>\t\t\t\t\t\t<\/div>\n\t\t\t\t<\/div>\n\t\t\t\t\t<\/div>\n\t\t<\/div>\n\t\t\t\t\t\t\t<\/div>\n\t\t<\/section>\n\t\t\t\t<section class=\"elementor-section elementor-top-section elementor-element elementor-element-6531be4 elementor-section-boxed elementor-section-height-default elementor-section-height-default\" data-id=\"6531be4\" data-element_type=\"section\">\n\t\t\t\t\t\t<div class=\"elementor-container elementor-column-gap-default\">\n\t\t\t\t\t<div class=\"elementor-column elementor-col-50 elementor-top-column elementor-element elementor-element-72e828e\" data-id=\"72e828e\" data-element_type=\"column\">\n\t\t\t<div class=\"elementor-widget-wrap elementor-element-populated\">\n\t\t\t\t\t\t\t\t<div class=\"elementor-element elementor-element-33b569e elementor-widget elementor-widget-image\" data-id=\"33b569e\" data-element_type=\"widget\" data-widget_type=\"image.default\">\n\t\t\t\t<div class=\"elementor-widget-container\">\n\t\t\t\t\t\t\t\t\t\t\t\t\t\t\t<img loading=\"lazy\" decoding=\"async\" width=\"177\" height=\"230\" src=\"https:\/\/test.isblite.com\/wp-content\/uploads\/2020\/06\/PC-100.jpg\" class=\"attachment-large size-large wp-image-3769\" alt=\"\" \/>\t\t\t\t\t\t\t\t\t\t\t\t\t\t\t<\/div>\n\t\t\t\t<\/div>\n\t\t\t\t<div class=\"elementor-element elementor-element-5c0805b elementor-widget elementor-widget-image\" data-id=\"5c0805b\" data-element_type=\"widget\" data-widget_type=\"image.default\">\n\t\t\t\t<div class=\"elementor-widget-container\">\n\t\t\t\t\t\t\t\t\t\t\t\t\t\t\t<img loading=\"lazy\" decoding=\"async\" width=\"194\" height=\"135\" src=\"https:\/\/test.isblite.com\/wp-content\/uploads\/2020\/06\/MPC100.jpg\" class=\"attachment-large size-large wp-image-3772\" alt=\"\" \/>\t\t\t\t\t\t\t\t\t\t\t\t\t\t\t<\/div>\n\t\t\t\t<\/div>\n\t\t\t\t\t<\/div>\n\t\t<\/div>\n\t\t\t\t<div class=\"elementor-column elementor-col-50 elementor-top-column elementor-element elementor-element-4404dd0\" data-id=\"4404dd0\" data-element_type=\"column\">\n\t\t\t<div class=\"elementor-widget-wrap elementor-element-populated\">\n\t\t\t\t\t\t\t\t<div class=\"elementor-element elementor-element-f4eac9e elementor-widget elementor-widget-text-editor\" data-id=\"f4eac9e\" data-element_type=\"widget\" data-widget_type=\"text-editor.default\">\n\t\t\t\t<div class=\"elementor-widget-container\">\n\t\t\t\t\t\t\t<h6>Controles de prensa ISB<\/h6><p><span class=\"tlid-translation translation\" lang=\"es\"><span class=\"\" title=\"\">ISB est\u00e1 orgulloso de su larga historia como pionero en la industria de la seguridad en toda Am\u00e9rica del Norte.<\/span> <span title=\"\">El Control de prensa PC-100 fue el primer control de prensa basado en microprocesador en el mercado a fines de los a\u00f1os 70, y todav\u00eda se encuentra en muchas plantas trabajando como el control principal en todo tipo de prensas.<\/span> <span title=\"\">Con raz\u00f3n ha merecido una reputaci\u00f3n indiscutible de fiabilidad y longevidad.<\/span><\/span><\/p><p><span title=\"\">Los modelos PC-100\/200\/300\/400\/500\/600 y MPC-100 han sido reemplazados por nuestro <a href=\"https:\/\/test.isblite.com\/es\/products\/rbpc-press-controls\/\">control de prensa basado en resoluci\u00f3n de CPU dual &#8211; RBPC<\/a>.<\/span><\/p>\t\t\t\t\t\t<\/div>\n\t\t\t\t<\/div>\n\t\t\t\t\t<\/div>\n\t\t<\/div>\n\t\t\t\t\t\t\t<\/div>\n\t\t<\/section>\n\t\t\t\t\t\t\t<\/div>\n\t\t","protected":false},"excerpt":{"rendered":"<p>PRODUCTOS DE GENERACIONES ANTERIORES ISB est\u00e1 orgulloso de su larga historia. Nos comprometemos a seguir apoyando a nuestros clientes prestando servicio a nuestros productos tanto como sea posible. Algunos de nuestros productos han estado en servicio desde fines de la d\u00e9cada de 1970, y es comprensible que ya no sea posible mantenerlos. Si necesita informaci\u00f3n [&hellip;]<\/p>\n","protected":false},"author":1,"featured_media":424,"parent":565,"menu_order":21,"comment_status":"closed","ping_status":"closed","template":"page_products.php","meta":{"_acf_changed":false,"footnotes":""},"class_list":["post-1971","page","type-page","status-publish","has-post-thumbnail","hentry"],"acf":[],"post_mailing_queue_ids":[],"_links":{"self":[{"href":"https:\/\/test.isblite.com\/es\/wp-json\/wp\/v2\/pages\/1971","targetHints":{"allow":["GET"]}}],"collection":[{"href":"https:\/\/test.isblite.com\/es\/wp-json\/wp\/v2\/pages"}],"about":[{"href":"https:\/\/test.isblite.com\/es\/wp-json\/wp\/v2\/types\/page"}],"author":[{"embeddable":true,"href":"https:\/\/test.isblite.com\/es\/wp-json\/wp\/v2\/users\/1"}],"replies":[{"embeddable":true,"href":"https:\/\/test.isblite.com\/es\/wp-json\/wp\/v2\/comments?post=1971"}],"version-history":[{"count":32,"href":"https:\/\/test.isblite.com\/es\/wp-json\/wp\/v2\/pages\/1971\/revisions"}],"predecessor-version":[{"id":4699,"href":"https:\/\/test.isblite.com\/es\/wp-json\/wp\/v2\/pages\/1971\/revisions\/4699"}],"up":[{"embeddable":true,"href":"https:\/\/test.isblite.com\/es\/wp-json\/wp\/v2\/pages\/565"}],"wp:featuredmedia":[{"embeddable":true,"href":"https:\/\/test.isblite.com\/es\/wp-json\/wp\/v2\/media\/424"}],"wp:attachment":[{"href":"https:\/\/test.isblite.com\/es\/wp-json\/wp\/v2\/media?parent=1971"}],"curies":[{"name":"wp","href":"https:\/\/api.w.org\/{rel}","templated":true}]}}