{"id":545,"date":"2019-12-15T18:53:07","date_gmt":"2019-12-15T18:53:07","guid":{"rendered":"http:\/\/test.test.test.isblite.comsample-page\/"},"modified":"2024-04-03T13:06:29","modified_gmt":"2024-04-03T18:06:29","slug":"sample-page","status":"publish","type":"page","link":"https:\/\/test.isblite.com\/es\/","title":{"rendered":"Hogar"},"content":{"rendered":"\t\t<div data-elementor-type=\"wp-page\" data-elementor-id=\"545\" class=\"elementor elementor-545 elementor-2\">\n\t\t\t\t\t\t\t\t\t<section class=\"elementor-section elementor-top-section elementor-element elementor-element-8fe07b7 elementor-section-boxed elementor-section-height-default elementor-section-height-default\" data-id=\"8fe07b7\" data-element_type=\"section\">\n\t\t\t\t\t\t<div class=\"elementor-container elementor-column-gap-default\">\n\t\t\t\t\t<div class=\"elementor-column elementor-col-100 elementor-top-column elementor-element elementor-element-f43f1d5\" data-id=\"f43f1d5\" data-element_type=\"column\">\n\t\t\t<div class=\"elementor-widget-wrap elementor-element-populated\">\n\t\t\t\t\t\t\t\t<div class=\"elementor-element elementor-element-b23bbd9 elementor-arrows-position-inside elementor-pagination-position-outside elementor-widget elementor-widget-image-carousel\" data-id=\"b23bbd9\" data-element_type=\"widget\" data-settings=\"{&quot;slides_to_show&quot;:&quot;1&quot;,&quot;navigation&quot;:&quot;both&quot;,&quot;autoplay&quot;:&quot;yes&quot;,&quot;pause_on_hover&quot;:&quot;yes&quot;,&quot;pause_on_interaction&quot;:&quot;yes&quot;,&quot;autoplay_speed&quot;:5000,&quot;infinite&quot;:&quot;yes&quot;,&quot;effect&quot;:&quot;slide&quot;,&quot;speed&quot;:500}\" data-widget_type=\"image-carousel.default\">\n\t\t\t\t<div class=\"elementor-widget-container\">\n\t\t\t\t\t<div class=\"elementor-image-carousel-wrapper swiper-container\" dir=\"ltr\">\n\t\t\t<div class=\"elementor-image-carousel swiper-wrapper\" aria-live=\"off\">\n\t\t\t\t\t\t\t\t<div class=\"swiper-slide\" role=\"group\" aria-roledescription=\"slide\" aria-label=\"1 de 3\"><figure class=\"swiper-slide-inner\"><img decoding=\"async\" class=\"swiper-slide-image\" src=\"https:\/\/test.isblite.com\/wp-content\/uploads\/2020\/06\/SLIDER1_ESP.jpg\" alt=\"SLIDER1_ESP\" \/><\/figure><\/div><div class=\"swiper-slide\" role=\"group\" aria-roledescription=\"slide\" aria-label=\"2 de 3\"><figure class=\"swiper-slide-inner\"><img decoding=\"async\" class=\"swiper-slide-image\" src=\"https:\/\/test.isblite.com\/wp-content\/uploads\/2020\/03\/slides_spanish3.jpg\" alt=\"slides_spanish3\" \/><\/figure><\/div><div class=\"swiper-slide\" role=\"group\" aria-roledescription=\"slide\" aria-label=\"3 de 3\"><figure class=\"swiper-slide-inner\"><img decoding=\"async\" class=\"swiper-slide-image\" src=\"https:\/\/test.isblite.com\/wp-content\/uploads\/2020\/06\/SLIDER2_ESP.jpg\" alt=\"SLIDER2_ESP\" \/><\/figure><\/div>\t\t\t<\/div>\n\t\t\t\t\t\t\t\t\t\t\t\t<div class=\"elementor-swiper-button elementor-swiper-button-prev\" role=\"button\" tabindex=\"0\">\n\t\t\t\t\t\t<i aria-hidden=\"true\" class=\"eicon-chevron-left\"><\/i>\t\t\t\t\t<\/div>\n\t\t\t\t\t<div class=\"elementor-swiper-button elementor-swiper-button-next\" role=\"button\" tabindex=\"0\">\n\t\t\t\t\t\t<i aria-hidden=\"true\" class=\"eicon-chevron-right\"><\/i>\t\t\t\t\t<\/div>\n\t\t\t\t\n\t\t\t\t\t\t\t\t\t<div class=\"swiper-pagination\"><\/div>\n\t\t\t\t\t\t\t\t\t<\/div>\n\t\t\t\t<\/div>\n\t\t\t\t<\/div>\n\t\t\t\t\t<\/div>\n\t\t<\/div>\n\t\t\t\t\t\t\t<\/div>\n\t\t<\/section>\n\t\t\t\t<section class=\"elementor-section elementor-top-section elementor-element elementor-element-826e67c elementor-section-full_width elementor-section-height-default elementor-section-height-default\" data-id=\"826e67c\" data-element_type=\"section\">\n\t\t\t\t\t\t<div class=\"elementor-container elementor-column-gap-default\">\n\t\t\t\t\t<div class=\"elementor-column elementor-col-33 elementor-top-column elementor-element elementor-element-c4f2dfd\" data-id=\"c4f2dfd\" data-element_type=\"column\">\n\t\t\t<div class=\"elementor-widget-wrap elementor-element-populated\">\n\t\t\t\t\t\t\t\t<div class=\"elementor-element elementor-element-66c7ce8 elementor-position-top elementor-invisible elementor-widget elementor-widget-image-box\" data-id=\"66c7ce8\" data-element_type=\"widget\" data-settings=\"{&quot;_animation&quot;:&quot;zoomIn&quot;}\" data-widget_type=\"image-box.default\">\n\t\t\t\t<div class=\"elementor-widget-container\">\n\t\t\t<div class=\"elementor-image-box-wrapper\"><figure class=\"elementor-image-box-img\"><a href=\"https:\/\/test.isblite.com\/es\/products\/safety-light-curtains\/\" tabindex=\"-1\"><img loading=\"lazy\" decoding=\"async\" width=\"300\" height=\"300\" src=\"https:\/\/test.isblite.com\/wp-content\/uploads\/2020\/03\/MX_11.jpg\" class=\"attachment-large size-large wp-image-2388\" alt=\"\" srcset=\"https:\/\/test.isblite.com\/wp-content\/uploads\/2020\/03\/MX_11.jpg 300w, https:\/\/test.isblite.com\/wp-content\/uploads\/2020\/03\/MX_11-150x150.jpg 150w\" sizes=\"auto, (max-width: 300px) 100vw, 300px\" \/><\/a><\/figure><div class=\"elementor-image-box-content\"><h3 class=\"elementor-image-box-title\"><a href=\"https:\/\/test.isblite.com\/es\/products\/safety-light-curtains\/\">SERIE MX4000 <\/a><\/h3><\/div><\/div>\t\t<\/div>\n\t\t\t\t<\/div>\n\t\t\t\t\t<\/div>\n\t\t<\/div>\n\t\t\t\t<div class=\"elementor-column elementor-col-33 elementor-top-column elementor-element elementor-element-70148cb\" data-id=\"70148cb\" data-element_type=\"column\">\n\t\t\t<div class=\"elementor-widget-wrap elementor-element-populated\">\n\t\t\t\t\t\t\t\t<div class=\"elementor-element elementor-element-e830ecd elementor-position-top elementor-invisible elementor-widget elementor-widget-image-box\" data-id=\"e830ecd\" data-element_type=\"widget\" data-settings=\"{&quot;_animation&quot;:&quot;zoomIn&quot;}\" data-widget_type=\"image-box.default\">\n\t\t\t\t<div class=\"elementor-widget-container\">\n\t\t\t<div class=\"elementor-image-box-wrapper\"><figure class=\"elementor-image-box-img\"><a href=\"https:\/\/test.isblite.com\/es\/products\/merlin-press-brake-guarding\/\" tabindex=\"-1\"><img loading=\"lazy\" decoding=\"async\" width=\"300\" height=\"300\" src=\"https:\/\/test.isblite.com\/wp-content\/uploads\/2020\/03\/HMI_2-2.jpg\" class=\"attachment-large size-large wp-image-2249\" alt=\"\" srcset=\"https:\/\/test.isblite.com\/wp-content\/uploads\/2020\/03\/HMI_2-2.jpg 300w, https:\/\/test.isblite.com\/wp-content\/uploads\/2020\/03\/HMI_2-2-150x150.jpg 150w\" sizes=\"auto, (max-width: 300px) 100vw, 300px\" \/><\/a><\/figure><div class=\"elementor-image-box-content\"><h3 class=\"elementor-image-box-title\"><a href=\"https:\/\/test.isblite.com\/es\/products\/merlin-press-brake-guarding\/\">MERLIN 4000<\/a><\/h3><\/div><\/div>\t\t<\/div>\n\t\t\t\t<\/div>\n\t\t\t\t\t<\/div>\n\t\t<\/div>\n\t\t\t\t<div class=\"elementor-column elementor-col-33 elementor-top-column elementor-element elementor-element-5dffca7\" data-id=\"5dffca7\" data-element_type=\"column\">\n\t\t\t<div class=\"elementor-widget-wrap elementor-element-populated\">\n\t\t\t\t\t\t\t\t<div class=\"elementor-element elementor-element-e255830 elementor-position-top elementor-invisible elementor-widget elementor-widget-image-box\" data-id=\"e255830\" data-element_type=\"widget\" data-settings=\"{&quot;_animation&quot;:&quot;zoomIn&quot;}\" data-widget_type=\"image-box.default\">\n\t\t\t\t<div class=\"elementor-widget-container\">\n\t\t\t<div class=\"elementor-image-box-wrapper\"><figure class=\"elementor-image-box-img\"><a href=\"http:\/\/test.isblite.com\/es\/products\/rbpc-press-controls\/\" tabindex=\"-1\"><img loading=\"lazy\" decoding=\"async\" width=\"300\" height=\"300\" src=\"https:\/\/test.isblite.com\/wp-content\/uploads\/2020\/03\/RBPC_1.jpg\" class=\"attachment-medium_large size-medium_large wp-image-2289\" alt=\"\" srcset=\"https:\/\/test.isblite.com\/wp-content\/uploads\/2020\/03\/RBPC_1.jpg 300w, https:\/\/test.isblite.com\/wp-content\/uploads\/2020\/03\/RBPC_1-150x150.jpg 150w\" sizes=\"auto, (max-width: 300px) 100vw, 300px\" \/><\/a><\/figure><div class=\"elementor-image-box-content\"><h3 class=\"elementor-image-box-title\"><a href=\"http:\/\/test.isblite.com\/es\/products\/rbpc-press-controls\/\">RBPC <\/a><\/h3><\/div><\/div>\t\t<\/div>\n\t\t\t\t<\/div>\n\t\t\t\t\t<\/div>\n\t\t<\/div>\n\t\t\t\t\t\t\t<\/div>\n\t\t<\/section>\n\t\t\t\t<section class=\"elementor-section elementor-top-section elementor-element elementor-element-de910ce elementor-section-full_width elementor-section-height-default elementor-section-height-default\" data-id=\"de910ce\" data-element_type=\"section\">\n\t\t\t\t\t\t<div class=\"elementor-container elementor-column-gap-default\">\n\t\t\t\t\t<div class=\"elementor-column elementor-col-50 elementor-top-column elementor-element elementor-element-6aac6c9\" data-id=\"6aac6c9\" data-element_type=\"column\">\n\t\t\t<div class=\"elementor-widget-wrap elementor-element-populated\">\n\t\t\t\t\t\t\t\t<div class=\"elementor-element elementor-element-fb12fb6 elementor-widget elementor-widget-image\" data-id=\"fb12fb6\" data-element_type=\"widget\" data-widget_type=\"image.default\">\n\t\t\t\t<div class=\"elementor-widget-container\">\n\t\t\t\t\t\t\t\t\t\t\t\t\t\t\t<img loading=\"lazy\" decoding=\"async\" width=\"400\" height=\"351\" src=\"https:\/\/test.isblite.com\/wp-content\/uploads\/2020\/03\/KNIGHT_4CMYK-small.png\" class=\"attachment-large size-large wp-image-2652\" alt=\"\" srcset=\"https:\/\/test.isblite.com\/wp-content\/uploads\/2020\/03\/KNIGHT_4CMYK-small.png 400w, https:\/\/test.isblite.com\/wp-content\/uploads\/2020\/03\/KNIGHT_4CMYK-small-300x263.png 300w\" sizes=\"auto, (max-width: 400px) 100vw, 400px\" \/>\t\t\t\t\t\t\t\t\t\t\t\t\t\t\t<\/div>\n\t\t\t\t<\/div>\n\t\t\t\t\t<\/div>\n\t\t<\/div>\n\t\t\t\t<div class=\"elementor-column elementor-col-50 elementor-top-column elementor-element elementor-element-383ebc7\" data-id=\"383ebc7\" data-element_type=\"column\">\n\t\t\t<div class=\"elementor-widget-wrap elementor-element-populated\">\n\t\t\t\t\t\t\t\t<div class=\"elementor-element elementor-element-fbbc5f4 elementor-widget elementor-widget-heading\" data-id=\"fbbc5f4\" data-element_type=\"widget\" data-widget_type=\"heading.default\">\n\t\t\t\t<div class=\"elementor-widget-container\">\n\t\t\t<h2 class=\"elementor-heading-title elementor-size-xl\">Fabricante de productos de seguridad y automatizaci\u00f3n para la industria<br><br>\n<\/h2>\t\t<\/div>\n\t\t\t\t<\/div>\n\t\t\t\t<div class=\"elementor-element elementor-element-862e3d5 elementor-widget elementor-widget-heading\" data-id=\"862e3d5\" data-element_type=\"widget\" data-widget_type=\"heading.default\">\n\t\t\t\t<div class=\"elementor-widget-container\">\n\t\t\t<p class=\"elementor-heading-title elementor-size-default\">ISB es un fabricante l\u00edder de productos electr\u00f3nicos de seguridad y automatizaci\u00f3n para la industria de fabricaci\u00f3n y estampado de metales. Desde 1972, ISB ha respondido a los desaf\u00edos que enfrentan los talleres metal\u00fargicos al proporcionar productos seguros y confiables dise\u00f1ados para proteger totalmente al personal de la planta, al tiempo que proporciona tecnolog\u00eda para hacer que cada m\u00e1quina sea m\u00e1s productiva. ISB se enorgullece de ofrecer una l\u00ednea de productos completa que brinda a sus clientes una soluci\u00f3n total para salvaguardar y automatizar la maquinaria para trabajar el metal.<\/p>\t\t<\/div>\n\t\t\t\t<\/div>\n\t\t\t\t\t<\/div>\n\t\t<\/div>\n\t\t\t\t\t\t\t<\/div>\n\t\t<\/section>\n\t\t\t\t<section class=\"elementor-section elementor-top-section elementor-element elementor-element-f7c498e elementor-section-full_width elementor-section-height-default elementor-section-height-default\" data-id=\"f7c498e\" data-element_type=\"section\">\n\t\t\t\t\t\t<div class=\"elementor-container elementor-column-gap-default\">\n\t\t\t\t\t<div class=\"elementor-column elementor-col-50 elementor-top-column elementor-element elementor-element-c08d54d\" data-id=\"c08d54d\" data-element_type=\"column\">\n\t\t\t<div class=\"elementor-widget-wrap elementor-element-populated\">\n\t\t\t\t\t\t\t\t<div class=\"elementor-element elementor-element-51bc0df elementor-position-top elementor-invisible elementor-widget elementor-widget-image-box\" data-id=\"51bc0df\" data-element_type=\"widget\" data-settings=\"{&quot;_animation&quot;:&quot;zoomIn&quot;}\" data-widget_type=\"image-box.default\">\n\t\t\t\t<div class=\"elementor-widget-container\">\n\t\t\t<div class=\"elementor-image-box-wrapper\"><figure class=\"elementor-image-box-img\"><a href=\"https:\/\/test.isblite.com\/es\/news\/\" tabindex=\"-1\"><img loading=\"lazy\" decoding=\"async\" width=\"580\" height=\"580\" src=\"https:\/\/test.isblite.com\/wp-content\/uploads\/2020\/03\/ISB_logo_master_v02_shield-768x768.png\" class=\"attachment-medium_large size-medium_large wp-image-2656\" alt=\"\" srcset=\"https:\/\/test.isblite.com\/wp-content\/uploads\/2020\/03\/ISB_logo_master_v02_shield-768x768.png 768w, https:\/\/test.isblite.com\/wp-content\/uploads\/2020\/03\/ISB_logo_master_v02_shield-300x300.png 300w, https:\/\/test.isblite.com\/wp-content\/uploads\/2020\/03\/ISB_logo_master_v02_shield-1024x1024.png 1024w, https:\/\/test.isblite.com\/wp-content\/uploads\/2020\/03\/ISB_logo_master_v02_shield-150x150.png 150w, https:\/\/test.isblite.com\/wp-content\/uploads\/2020\/03\/ISB_logo_master_v02_shield-1200x1200.png 1200w, https:\/\/test.isblite.com\/wp-content\/uploads\/2020\/03\/ISB_logo_master_v02_shield.png 1528w\" sizes=\"auto, (max-width: 580px) 100vw, 580px\" \/><\/a><\/figure><div class=\"elementor-image-box-content\"><h3 class=\"elementor-image-box-title\"><a href=\"https:\/\/test.isblite.com\/es\/news\/\">Noticias<\/a><\/h3><\/div><\/div>\t\t<\/div>\n\t\t\t\t<\/div>\n\t\t\t\t\t<\/div>\n\t\t<\/div>\n\t\t\t\t<div class=\"elementor-column elementor-col-50 elementor-top-column elementor-element elementor-element-0882d2a\" data-id=\"0882d2a\" data-element_type=\"column\">\n\t\t\t<div class=\"elementor-widget-wrap elementor-element-populated\">\n\t\t\t\t\t\t\t\t<div class=\"elementor-element elementor-element-ac95d3a elementor-position-top elementor-invisible elementor-widget elementor-widget-image-box\" data-id=\"ac95d3a\" data-element_type=\"widget\" data-settings=\"{&quot;_animation&quot;:&quot;zoomIn&quot;}\" data-widget_type=\"image-box.default\">\n\t\t\t\t<div class=\"elementor-widget-container\">\n\t\t\t<div class=\"elementor-image-box-wrapper\"><figure class=\"elementor-image-box-img\"><a href=\"https:\/\/test.isblite.com\/es\/distributor-locator\/\" tabindex=\"-1\"><img loading=\"lazy\" decoding=\"async\" width=\"450\" height=\"450\" src=\"https:\/\/test.isblite.com\/wp-content\/uploads\/2020\/02\/Distributor_locator_Page_image-02.png\" class=\"attachment-large size-large wp-image-1363\" alt=\"\" srcset=\"https:\/\/test.isblite.com\/wp-content\/uploads\/2020\/02\/Distributor_locator_Page_image-02.png 450w, https:\/\/test.isblite.com\/wp-content\/uploads\/2020\/02\/Distributor_locator_Page_image-02-300x300.png 300w, https:\/\/test.isblite.com\/wp-content\/uploads\/2020\/02\/Distributor_locator_Page_image-02-150x150.png 150w\" sizes=\"auto, (max-width: 450px) 100vw, 450px\" \/><\/a><\/figure><div class=\"elementor-image-box-content\"><h3 class=\"elementor-image-box-title\"><a href=\"https:\/\/test.isblite.com\/es\/distributor-locator\/\">Donde Comprar<\/a><\/h3><\/div><\/div>\t\t<\/div>\n\t\t\t\t<\/div>\n\t\t\t\t\t<\/div>\n\t\t<\/div>\n\t\t\t\t\t\t\t<\/div>\n\t\t<\/section>\n\t\t\t\t\t\t\t<\/div>\n\t\t","protected":false},"excerpt":{"rendered":"<p>SERIE MX4000 MERLIN 4000 RBPC Fabricante de productos de seguridad y automatizaci\u00f3n para la industria ISB es un fabricante l\u00edder de productos electr\u00f3nicos de seguridad y automatizaci\u00f3n para la industria de fabricaci\u00f3n y estampado de metales. Desde 1972, ISB ha respondido a los desaf\u00edos que enfrentan los talleres metal\u00fargicos al proporcionar productos seguros y confiables [&hellip;]<\/p>\n","protected":false},"author":1,"featured_media":0,"parent":0,"menu_order":103,"comment_status":"closed","ping_status":"open","template":"templates\/template-full-width.php","meta":{"_acf_changed":false,"footnotes":""},"class_list":["post-545","page","type-page","status-publish","hentry"],"acf":[],"post_mailing_queue_ids":[],"_links":{"self":[{"href":"https:\/\/test.isblite.com\/es\/wp-json\/wp\/v2\/pages\/545","targetHints":{"allow":["GET"]}}],"collection":[{"href":"https:\/\/test.isblite.com\/es\/wp-json\/wp\/v2\/pages"}],"about":[{"href":"https:\/\/test.isblite.com\/es\/wp-json\/wp\/v2\/types\/page"}],"author":[{"embeddable":true,"href":"https:\/\/test.isblite.com\/es\/wp-json\/wp\/v2\/users\/1"}],"replies":[{"embeddable":true,"href":"https:\/\/test.isblite.com\/es\/wp-json\/wp\/v2\/comments?post=545"}],"version-history":[{"count":25,"href":"https:\/\/test.isblite.com\/es\/wp-json\/wp\/v2\/pages\/545\/revisions"}],"predecessor-version":[{"id":27447,"href":"https:\/\/test.isblite.com\/es\/wp-json\/wp\/v2\/pages\/545\/revisions\/27447"}],"wp:attachment":[{"href":"https:\/\/test.isblite.com\/es\/wp-json\/wp\/v2\/media?parent=545"}],"curies":[{"name":"wp","href":"https:\/\/api.w.org\/{rel}","templated":true}]}}