{"id":999,"date":"2020-02-07T16:58:44","date_gmt":"2020-02-07T21:58:44","guid":{"rendered":"http:\/\/test.test.test.isblite.comproducts\/softouch-ergonomic-run-buttons\/"},"modified":"2023-01-22T12:00:00","modified_gmt":"2023-01-22T17:00:00","slug":"softouch-ergonomic-run-buttons","status":"publish","type":"page","link":"https:\/\/test.isblite.com\/es\/products\/softouch-ergonomic-run-buttons\/","title":{"rendered":"Botones ergon\u00f3micos Softouch"},"content":{"rendered":"\t\t<div data-elementor-type=\"wp-page\" data-elementor-id=\"999\" class=\"elementor elementor-999 elementor-285\">\n\t\t\t\t\t\t\t\t\t<section class=\"elementor-section elementor-top-section elementor-element elementor-element-6c7a2f0 elementor-section-boxed elementor-section-height-default elementor-section-height-default\" data-id=\"6c7a2f0\" data-element_type=\"section\">\n\t\t\t\t\t\t<div class=\"elementor-container elementor-column-gap-default\">\n\t\t\t\t\t<div class=\"elementor-column elementor-col-100 elementor-top-column elementor-element elementor-element-c37bd0b\" data-id=\"c37bd0b\" data-element_type=\"column\">\n\t\t\t<div class=\"elementor-widget-wrap elementor-element-populated\">\n\t\t\t\t\t\t\t\t<div class=\"elementor-element elementor-element-4f4d412 elementor-widget elementor-widget-heading\" data-id=\"4f4d412\" data-element_type=\"widget\" data-widget_type=\"heading.default\">\n\t\t\t\t<div class=\"elementor-widget-container\">\n\t\t\t<h2 class=\"elementor-heading-title elementor-size-default\">Botones ergon\u00f3micos Softouch<\/h2>\t\t<\/div>\n\t\t\t\t<\/div>\n\t\t\t\t\t<\/div>\n\t\t<\/div>\n\t\t\t\t\t\t\t<\/div>\n\t\t<\/section>\n\t\t\t\t<section class=\"elementor-section elementor-top-section elementor-element elementor-element-77ffdf5 elementor-section-boxed elementor-section-height-default elementor-section-height-default\" data-id=\"77ffdf5\" data-element_type=\"section\">\n\t\t\t\t\t\t<div class=\"elementor-container elementor-column-gap-default\">\n\t\t\t\t\t<div class=\"elementor-column elementor-col-50 elementor-top-column elementor-element elementor-element-4647b40\" data-id=\"4647b40\" data-element_type=\"column\">\n\t\t\t<div class=\"elementor-widget-wrap elementor-element-populated\">\n\t\t\t\t\t\t\t\t<div class=\"elementor-element elementor-element-40308f7 elementor-widget elementor-widget-spacer\" data-id=\"40308f7\" data-element_type=\"widget\" data-widget_type=\"spacer.default\">\n\t\t\t\t<div class=\"elementor-widget-container\">\n\t\t\t\t\t<div class=\"elementor-spacer\">\n\t\t\t<div class=\"elementor-spacer-inner\"><\/div>\n\t\t<\/div>\n\t\t\t\t<\/div>\n\t\t\t\t<\/div>\n\t\t\t\t<div class=\"elementor-element elementor-element-d308b05 elementor-widget elementor-widget-image\" data-id=\"d308b05\" data-element_type=\"widget\" data-widget_type=\"image.default\">\n\t\t\t\t<div class=\"elementor-widget-container\">\n\t\t\t\t\t\t\t\t\t\t\t\t\t\t\t\t<a href=\"http:\/\/test.isblite.com\/wp-content\/uploads\/2020\/02\/softouch_closed_1.jpg\" data-elementor-open-lightbox=\"yes\" data-elementor-lightbox-title=\"softouch_closed_1\" data-e-action-hash=\"#elementor-action%3Aaction%3Dlightbox%26settings%3DeyJpZCI6NDEyLCJ1cmwiOiJodHRwczpcL1wvdGVzdC5pc2JsaXRlLmNvbVwvd3AtY29udGVudFwvdXBsb2Fkc1wvMjAyMFwvMDJcL3NvZnRvdWNoX2Nsb3NlZF8xLmpwZyJ9\">\n\t\t\t\t\t\t\t<img loading=\"lazy\" decoding=\"async\" width=\"210\" height=\"210\" src=\"https:\/\/test.isblite.com\/wp-content\/uploads\/2020\/02\/softouch_closed_1.jpg\" class=\"attachment-large size-large wp-image-412\" alt=\"\" srcset=\"https:\/\/test.isblite.com\/wp-content\/uploads\/2020\/02\/softouch_closed_1.jpg 210w, https:\/\/test.isblite.com\/wp-content\/uploads\/2020\/02\/softouch_closed_1-150x150.jpg 150w\" sizes=\"auto, (max-width: 210px) 100vw, 210px\" \/>\t\t\t\t\t\t\t\t<\/a>\n\t\t\t\t\t\t\t\t\t\t\t\t\t\t\t<\/div>\n\t\t\t\t<\/div>\n\t\t\t\t<div class=\"elementor-element elementor-element-19014d9 elementor-widget elementor-widget-text-editor\" data-id=\"19014d9\" data-element_type=\"widget\" data-widget_type=\"text-editor.default\">\n\t\t\t\t<div class=\"elementor-widget-container\">\n\t\t\t\t\t\t\t<h4><strong><span class=\"tlid-translation translation\" lang=\"es\" tabindex=\"-1\"><span class=\"\" title=\"\">Ventajas:<\/span><\/span><\/strong><\/h4><ul><li><span class=\"\" title=\"\">Ajuste autom\u00e1tico de sensibilidad al encender<\/span><\/li><li><span class=\"\" title=\"\">Sin ajuste manual de sensibilidad<\/span><\/li><li><span class=\"\" title=\"\">Compensaci\u00f3n autom\u00e1tica de deriva, sensibilidad no afectada por temperatura, humedad o variaci\u00f3n de voltaje.<\/span><\/li><li><span class=\"\" title=\"\">Reinicio autom\u00e1tico y calibraci\u00f3n autom\u00e1tica si el objeto se detecta continuamente durante m\u00e1s de 60 segundos<\/span><\/li><li><span class=\"tlid-translation translation\" lang=\"es\" tabindex=\"-1\"><span title=\"\">F\u00e1cil de instalar, no se requieren rel\u00e9s adicionales.<\/span><\/span><\/li><\/ul>\t\t\t\t\t\t<\/div>\n\t\t\t\t<\/div>\n\t\t\t\t\t<\/div>\n\t\t<\/div>\n\t\t\t\t<div class=\"elementor-column elementor-col-50 elementor-top-column elementor-element elementor-element-700da3a\" data-id=\"700da3a\" data-element_type=\"column\">\n\t\t\t<div class=\"elementor-widget-wrap elementor-element-populated\">\n\t\t\t\t\t\t\t\t<div class=\"elementor-element elementor-element-8704670 elementor-widget elementor-widget-spacer\" data-id=\"8704670\" data-element_type=\"widget\" data-widget_type=\"spacer.default\">\n\t\t\t\t<div class=\"elementor-widget-container\">\n\t\t\t\t\t<div class=\"elementor-spacer\">\n\t\t\t<div class=\"elementor-spacer-inner\"><\/div>\n\t\t<\/div>\n\t\t\t\t<\/div>\n\t\t\t\t<\/div>\n\t\t\t\t<div class=\"elementor-element elementor-element-e87f8a7 elementor-widget elementor-widget-text-editor\" data-id=\"e87f8a7\" data-element_type=\"widget\" data-widget_type=\"text-editor.default\">\n\t\t\t\t<div class=\"elementor-widget-container\">\n\t\t\t\t\t\t\t<p><strong>BOTONES ERGONOMICOS<br \/>\n<\/strong><\/p>\n<div class=\"text-wrap tlid-copy-target\">\n<div class=\"result-shield-container tlid-copy-target\" tabindex=\"0\"><span class=\"tlid-translation translation\" lang=\"es\"><span class=\"\" title=\"\">El redise\u00f1ado ISB Sof-Touch-2 Palm Button es la manera suave de iniciar el ciclo de su m\u00e1quina.<\/span> <span title=\"\">Sof-Touch-2 es un reemplazo directo totalmente aut\u00f3nomo para los botones de palma mec\u00e1nicos convencionales accionados por resorte.<\/span> <span title=\"\">Los botones ergon\u00f3micos Sof-Touch-2 no requieren presi\u00f3n f\u00edsica para iniciar un ciclo de m\u00e1quina, por lo tanto, reducen sustancialmente el trauma por movimientos repetitivos, como el s\u00edndrome de t\u00fanel carpiano.<\/span><\/span><\/div>\n<\/div>\n\t\t\t\t\t\t<\/div>\n\t\t\t\t<\/div>\n\t\t\t\t\t<\/div>\n\t\t<\/div>\n\t\t\t\t\t\t\t<\/div>\n\t\t<\/section>\n\t\t\t\t<section class=\"elementor-section elementor-top-section elementor-element elementor-element-2add9cd elementor-section-boxed elementor-section-height-default elementor-section-height-default\" data-id=\"2add9cd\" data-element_type=\"section\">\n\t\t\t\t\t\t<div class=\"elementor-container elementor-column-gap-default\">\n\t\t\t\t\t<div class=\"elementor-column elementor-col-20 elementor-top-column elementor-element elementor-element-ce05501\" data-id=\"ce05501\" data-element_type=\"column\">\n\t\t\t<div class=\"elementor-widget-wrap elementor-element-populated\">\n\t\t\t\t\t\t\t\t<div class=\"elementor-element elementor-element-91a190e elementor-widget elementor-widget-image\" data-id=\"91a190e\" data-element_type=\"widget\" data-widget_type=\"image.default\">\n\t\t\t\t<div class=\"elementor-widget-container\">\n\t\t\t\t\t\t\t\t\t\t\t\t\t\t\t\t<a href=\"http:\/\/test.isblite.com\/wp-content\/uploads\/2020\/02\/softouch_no_button.jpg\" data-elementor-open-lightbox=\"yes\" data-elementor-lightbox-title=\"softouch_no_button\" data-e-action-hash=\"#elementor-action%3Aaction%3Dlightbox%26settings%3DeyJpZCI6MTEwNywidXJsIjoiaHR0cHM6XC9cL3Rlc3QuaXNibGl0ZS5jb21cL3dwLWNvbnRlbnRcL3VwbG9hZHNcLzIwMjBcLzAyXC9zb2Z0b3VjaF9ub19idXR0b24uanBnIn0%3D\">\n\t\t\t\t\t\t\t<img loading=\"lazy\" decoding=\"async\" width=\"580\" height=\"246\" src=\"https:\/\/test.isblite.com\/wp-content\/uploads\/2020\/02\/softouch_no_button.jpg\" class=\"attachment-large size-large wp-image-1107\" alt=\"\" srcset=\"https:\/\/test.isblite.com\/wp-content\/uploads\/2020\/02\/softouch_no_button.jpg 590w, https:\/\/test.isblite.com\/wp-content\/uploads\/2020\/02\/softouch_no_button-300x127.jpg 300w\" sizes=\"auto, (max-width: 580px) 100vw, 580px\" \/>\t\t\t\t\t\t\t\t<\/a>\n\t\t\t\t\t\t\t\t\t\t\t\t\t\t\t<\/div>\n\t\t\t\t<\/div>\n\t\t\t\t\t<\/div>\n\t\t<\/div>\n\t\t\t\t<div class=\"elementor-column elementor-col-20 elementor-top-column elementor-element elementor-element-2776ec9\" data-id=\"2776ec9\" data-element_type=\"column\">\n\t\t\t<div class=\"elementor-widget-wrap elementor-element-populated\">\n\t\t\t\t\t\t\t\t<div class=\"elementor-element elementor-element-4fb4c83 elementor-widget elementor-widget-image\" data-id=\"4fb4c83\" data-element_type=\"widget\" data-widget_type=\"image.default\">\n\t\t\t\t<div class=\"elementor-widget-container\">\n\t\t\t\t\t\t\t\t\t\t\t\t\t\t\t\t<a href=\"http:\/\/test.isblite.com\/wp-content\/uploads\/2020\/02\/softouch2_backside_2.jpg\" data-elementor-open-lightbox=\"yes\" data-elementor-lightbox-title=\"softouch2_backside_2\" data-e-action-hash=\"#elementor-action%3Aaction%3Dlightbox%26settings%3DeyJpZCI6MTE2MiwidXJsIjoiaHR0cHM6XC9cL3Rlc3QuaXNibGl0ZS5jb21cL3dwLWNvbnRlbnRcL3VwbG9hZHNcLzIwMjBcLzAyXC9zb2Z0b3VjaDJfYmFja3NpZGVfMi5qcGcifQ%3D%3D\">\n\t\t\t\t\t\t\t<img loading=\"lazy\" decoding=\"async\" width=\"210\" height=\"144\" src=\"https:\/\/test.isblite.com\/wp-content\/uploads\/2020\/02\/softouch2_backside_2.jpg\" class=\"attachment-large size-large wp-image-1162\" alt=\"\" \/>\t\t\t\t\t\t\t\t<\/a>\n\t\t\t\t\t\t\t\t\t\t\t\t\t\t\t<\/div>\n\t\t\t\t<\/div>\n\t\t\t\t\t<\/div>\n\t\t<\/div>\n\t\t\t\t<div class=\"elementor-column elementor-col-20 elementor-top-column elementor-element elementor-element-ca9a362\" data-id=\"ca9a362\" data-element_type=\"column\">\n\t\t\t<div class=\"elementor-widget-wrap elementor-element-populated\">\n\t\t\t\t\t\t\t\t<div class=\"elementor-element elementor-element-06efccb elementor-widget elementor-widget-image\" data-id=\"06efccb\" data-element_type=\"widget\" data-widget_type=\"image.default\">\n\t\t\t\t<div class=\"elementor-widget-container\">\n\t\t\t\t\t\t\t\t\t\t\t\t\t\t\t\t<a href=\"http:\/\/test.isblite.com\/wp-content\/uploads\/2020\/02\/11_5_palm-button.jpg\" data-elementor-open-lightbox=\"yes\" data-elementor-lightbox-title=\"11_5_palm button\" data-e-action-hash=\"#elementor-action%3Aaction%3Dlightbox%26settings%3DeyJpZCI6MTAyNCwidXJsIjoiaHR0cHM6XC9cL3Rlc3QuaXNibGl0ZS5jb21cL3dwLWNvbnRlbnRcL3VwbG9hZHNcLzIwMjBcLzAyXC8xMV81X3BhbG0tYnV0dG9uLmpwZyJ9\">\n\t\t\t\t\t\t\t<img loading=\"lazy\" decoding=\"async\" width=\"580\" height=\"167\" src=\"https:\/\/test.isblite.com\/wp-content\/uploads\/2020\/02\/11_5_palm-button-1024x294.jpg\" class=\"attachment-large size-large wp-image-1024\" alt=\"\" srcset=\"https:\/\/test.isblite.com\/wp-content\/uploads\/2020\/02\/11_5_palm-button-1024x294.jpg 1024w, https:\/\/test.isblite.com\/wp-content\/uploads\/2020\/02\/11_5_palm-button-300x86.jpg 300w, https:\/\/test.isblite.com\/wp-content\/uploads\/2020\/02\/11_5_palm-button-768x220.jpg 768w, https:\/\/test.isblite.com\/wp-content\/uploads\/2020\/02\/11_5_palm-button-1200x344.jpg 1200w, https:\/\/test.isblite.com\/wp-content\/uploads\/2020\/02\/11_5_palm-button.jpg 1422w\" sizes=\"auto, (max-width: 580px) 100vw, 580px\" \/>\t\t\t\t\t\t\t\t<\/a>\n\t\t\t\t\t\t\t\t\t\t\t\t\t\t\t<\/div>\n\t\t\t\t<\/div>\n\t\t\t\t\t<\/div>\n\t\t<\/div>\n\t\t\t\t<div class=\"elementor-column elementor-col-20 elementor-top-column elementor-element elementor-element-50e10ad\" data-id=\"50e10ad\" data-element_type=\"column\">\n\t\t\t<div class=\"elementor-widget-wrap elementor-element-populated\">\n\t\t\t\t\t\t\t\t<div class=\"elementor-element elementor-element-29ee357 elementor-widget elementor-widget-image\" data-id=\"29ee357\" data-element_type=\"widget\" data-widget_type=\"image.default\">\n\t\t\t\t<div class=\"elementor-widget-container\">\n\t\t\t\t\t\t\t\t\t\t\t\t\t\t\t\t<a href=\"http:\/\/test.isblite.com\/wp-content\/uploads\/2020\/02\/SofTouch.jpg\" data-elementor-open-lightbox=\"yes\" data-elementor-lightbox-title=\"SofTouch\" data-e-action-hash=\"#elementor-action%3Aaction%3Dlightbox%26settings%3DeyJpZCI6MTE3MSwidXJsIjoiaHR0cHM6XC9cL3Rlc3QuaXNibGl0ZS5jb21cL3dwLWNvbnRlbnRcL3VwbG9hZHNcLzIwMjBcLzAyXC9Tb2ZUb3VjaC5qcGcifQ%3D%3D\">\n\t\t\t\t\t\t\t<img loading=\"lazy\" decoding=\"async\" width=\"580\" height=\"340\" src=\"https:\/\/test.isblite.com\/wp-content\/uploads\/2020\/02\/SofTouch.jpg\" class=\"attachment-large size-large wp-image-1171\" alt=\"\" srcset=\"https:\/\/test.isblite.com\/wp-content\/uploads\/2020\/02\/SofTouch.jpg 696w, https:\/\/test.isblite.com\/wp-content\/uploads\/2020\/02\/SofTouch-300x176.jpg 300w\" sizes=\"auto, (max-width: 580px) 100vw, 580px\" \/>\t\t\t\t\t\t\t\t<\/a>\n\t\t\t\t\t\t\t\t\t\t\t\t\t\t\t<\/div>\n\t\t\t\t<\/div>\n\t\t\t\t\t<\/div>\n\t\t<\/div>\n\t\t\t\t<div class=\"elementor-column elementor-col-20 elementor-top-column elementor-element elementor-element-546c2c6\" data-id=\"546c2c6\" data-element_type=\"column\">\n\t\t\t<div class=\"elementor-widget-wrap elementor-element-populated\">\n\t\t\t\t\t\t\t\t<div class=\"elementor-element elementor-element-538a181 elementor-widget elementor-widget-image\" data-id=\"538a181\" data-element_type=\"widget\" data-widget_type=\"image.default\">\n\t\t\t\t<div class=\"elementor-widget-container\">\n\t\t\t\t\t\t\t\t\t\t\t\t\t\t\t\t<a href=\"http:\/\/test.isblite.com\/wp-content\/uploads\/2020\/02\/spftouch_onlyredbutton.jpg\" data-elementor-open-lightbox=\"yes\" data-elementor-lightbox-title=\"spftouch_onlyredbutton\" data-e-action-hash=\"#elementor-action%3Aaction%3Dlightbox%26settings%3DeyJpZCI6MTA3NSwidXJsIjoiaHR0cHM6XC9cL3Rlc3QuaXNibGl0ZS5jb21cL3dwLWNvbnRlbnRcL3VwbG9hZHNcLzIwMjBcLzAyXC9zcGZ0b3VjaF9vbmx5cmVkYnV0dG9uLmpwZyJ9\">\n\t\t\t\t\t\t\t<img loading=\"lazy\" decoding=\"async\" width=\"408\" height=\"408\" src=\"https:\/\/test.isblite.com\/wp-content\/uploads\/2020\/02\/spftouch_onlyredbutton.jpg\" class=\"attachment-large size-large wp-image-1075\" alt=\"\" srcset=\"https:\/\/test.isblite.com\/wp-content\/uploads\/2020\/02\/spftouch_onlyredbutton.jpg 408w, https:\/\/test.isblite.com\/wp-content\/uploads\/2020\/02\/spftouch_onlyredbutton-300x300.jpg 300w, https:\/\/test.isblite.com\/wp-content\/uploads\/2020\/02\/spftouch_onlyredbutton-150x150.jpg 150w\" sizes=\"auto, (max-width: 408px) 100vw, 408px\" \/>\t\t\t\t\t\t\t\t<\/a>\n\t\t\t\t\t\t\t\t\t\t\t\t\t\t\t<\/div>\n\t\t\t\t<\/div>\n\t\t\t\t\t<\/div>\n\t\t<\/div>\n\t\t\t\t\t\t\t<\/div>\n\t\t<\/section>\n\t\t\t\t<section class=\"elementor-section elementor-top-section elementor-element elementor-element-2df1dec elementor-section-boxed elementor-section-height-default elementor-section-height-default\" data-id=\"2df1dec\" data-element_type=\"section\">\n\t\t\t\t\t\t<div class=\"elementor-container elementor-column-gap-default\">\n\t\t\t\t\t<div class=\"elementor-column elementor-col-100 elementor-top-column elementor-element elementor-element-7c9a3b1\" data-id=\"7c9a3b1\" data-element_type=\"column\">\n\t\t\t<div class=\"elementor-widget-wrap elementor-element-populated\">\n\t\t\t\t\t\t\t\t<div class=\"elementor-element elementor-element-8abd35b elementor-widget elementor-widget-html\" data-id=\"8abd35b\" data-element_type=\"widget\" data-widget_type=\"html.default\">\n\t\t\t\t<div class=\"elementor-widget-container\">\n\t\t\t<h6>Ordering Information<\/h6>\n<table style=\"width:100%\">\n  <tr>\n    <th width=\"30%\">ISB part #<\/th>\n    <th width=\"70%\">Description<\/th> \n  <\/tr>\n  <tr>\n    <td>ST2-0001-00<\/td>\n    <td>Sof-Touch2 ergonomic button, closed ring guard, with mounting hardware<\/td>\n  <\/tr>\n  <tr>\n    <td>ST2-0001-90<\/td>\n    <td>Sof-Touch2 ergonomic button, open ring guard, with  mounting hardware<\/td>\n  <\/tr>\n  <tr>\n    <td>ST2-4000-00<\/td>\n    <td>Set of ST2-0001 4\"x4\"x30\" TROUGH<\/td>\n  <\/tr>\n  <tr>\n    <td>ST2-4100-00<\/td>\n    <td>Set of ST2-0001 4\"x4\"x30\" TROUGH with E-STOP button<\/td>\n  <\/tr> \n  <tr>\n    <td>ST2-4200-00<\/td>\n    <td>Set of ST2-0001 4\"x4\"x30\" TROUGH with E-STOP, TOP STOP and PRESET buttons<\/td>\n  <\/tr>    \n<\/table>\n\t\t<\/div>\n\t\t\t\t<\/div>\n\t\t\t\t\t<\/div>\n\t\t<\/div>\n\t\t\t\t\t\t\t<\/div>\n\t\t<\/section>\n\t\t\t\t\t\t\t<\/div>\n\t\t","protected":false},"excerpt":{"rendered":"<p>Botones ergon\u00f3micos Softouch Ventajas: Ajuste autom\u00e1tico de sensibilidad al encender Sin ajuste manual de sensibilidad Compensaci\u00f3n autom\u00e1tica de deriva, sensibilidad no afectada por temperatura, humedad o variaci\u00f3n de voltaje. Reinicio autom\u00e1tico y calibraci\u00f3n autom\u00e1tica si el objeto se detecta continuamente durante m\u00e1s de 60 segundos F\u00e1cil de instalar, no se requieren rel\u00e9s adicionales. BOTONES ERGONOMICOS [&hellip;]<\/p>\n","protected":false},"author":1,"featured_media":9093,"parent":565,"menu_order":50,"comment_status":"closed","ping_status":"closed","template":"page_products.php","meta":{"_acf_changed":false,"footnotes":""},"class_list":["post-999","page","type-page","status-publish","has-post-thumbnail","hentry"],"acf":[],"post_mailing_queue_ids":[],"_links":{"self":[{"href":"https:\/\/test.isblite.com\/es\/wp-json\/wp\/v2\/pages\/999","targetHints":{"allow":["GET"]}}],"collection":[{"href":"https:\/\/test.isblite.com\/es\/wp-json\/wp\/v2\/pages"}],"about":[{"href":"https:\/\/test.isblite.com\/es\/wp-json\/wp\/v2\/types\/page"}],"author":[{"embeddable":true,"href":"https:\/\/test.isblite.com\/es\/wp-json\/wp\/v2\/users\/1"}],"replies":[{"embeddable":true,"href":"https:\/\/test.isblite.com\/es\/wp-json\/wp\/v2\/comments?post=999"}],"version-history":[{"count":32,"href":"https:\/\/test.isblite.com\/es\/wp-json\/wp\/v2\/pages\/999\/revisions"}],"predecessor-version":[{"id":15509,"href":"https:\/\/test.isblite.com\/es\/wp-json\/wp\/v2\/pages\/999\/revisions\/15509"}],"up":[{"embeddable":true,"href":"https:\/\/test.isblite.com\/es\/wp-json\/wp\/v2\/pages\/565"}],"wp:featuredmedia":[{"embeddable":true,"href":"https:\/\/test.isblite.com\/es\/wp-json\/wp\/v2\/media\/9093"}],"wp:attachment":[{"href":"https:\/\/test.isblite.com\/es\/wp-json\/wp\/v2\/media?parent=999"}],"curies":[{"name":"wp","href":"https:\/\/api.w.org\/{rel}","templated":true}]}}