{"id":1174,"date":"2020-02-02T16:59:17","date_gmt":"2020-02-02T16:59:17","guid":{"rendered":"http:\/\/test.test.test.isblite.comproducts\/gpa-press-safety-valves\/"},"modified":"2023-01-22T12:06:03","modified_gmt":"2023-01-22T17:06:03","slug":"gpa-press-safety-valves","status":"publish","type":"page","link":"https:\/\/test.isblite.com\/fr\/products\/gpa-press-safety-valves\/","title":{"rendered":"Vannes de s\u00e9curit\u00e9 GPA"},"content":{"rendered":"\t\t<div data-elementor-type=\"wp-page\" data-elementor-id=\"1174\" class=\"elementor elementor-1174 elementor-287\">\n\t\t\t\t\t\t\t\t\t<section class=\"elementor-section elementor-top-section elementor-element elementor-element-11abe0a elementor-section-boxed elementor-section-height-default elementor-section-height-default\" data-id=\"11abe0a\" data-element_type=\"section\">\n\t\t\t\t\t\t<div class=\"elementor-container elementor-column-gap-default\">\n\t\t\t\t\t<div class=\"elementor-column elementor-col-100 elementor-top-column elementor-element elementor-element-081f05e\" data-id=\"081f05e\" data-element_type=\"column\">\n\t\t\t<div class=\"elementor-widget-wrap elementor-element-populated\">\n\t\t\t\t\t\t\t\t<div class=\"elementor-element elementor-element-861b1aa elementor-widget elementor-widget-heading\" data-id=\"861b1aa\" data-element_type=\"widget\" data-widget_type=\"heading.default\">\n\t\t\t\t<div class=\"elementor-widget-container\">\n\t\t\t<h2 class=\"elementor-heading-title elementor-size-default\">Vannes de s\u00e9curit\u00e9 <\/h2>\t\t<\/div>\n\t\t\t\t<\/div>\n\t\t\t\t\t<\/div>\n\t\t<\/div>\n\t\t\t\t\t\t\t<\/div>\n\t\t<\/section>\n\t\t\t\t<section class=\"elementor-section elementor-top-section elementor-element elementor-element-2cb741c elementor-section-boxed elementor-section-height-default elementor-section-height-default\" data-id=\"2cb741c\" data-element_type=\"section\">\n\t\t\t\t\t\t<div class=\"elementor-container elementor-column-gap-default\">\n\t\t\t\t\t<div class=\"elementor-column elementor-col-50 elementor-top-column elementor-element elementor-element-cda7548\" data-id=\"cda7548\" data-element_type=\"column\">\n\t\t\t<div class=\"elementor-widget-wrap elementor-element-populated\">\n\t\t\t\t\t\t\t\t<div class=\"elementor-element elementor-element-b3fdb05 elementor-widget elementor-widget-spacer\" data-id=\"b3fdb05\" data-element_type=\"widget\" data-widget_type=\"spacer.default\">\n\t\t\t\t<div class=\"elementor-widget-container\">\n\t\t\t\t\t<div class=\"elementor-spacer\">\n\t\t\t<div class=\"elementor-spacer-inner\"><\/div>\n\t\t<\/div>\n\t\t\t\t<\/div>\n\t\t\t\t<\/div>\n\t\t\t\t<div class=\"elementor-element elementor-element-3ba9a8c elementor-widget elementor-widget-image\" data-id=\"3ba9a8c\" data-element_type=\"widget\" data-widget_type=\"image.default\">\n\t\t\t\t<div class=\"elementor-widget-container\">\n\t\t\t\t\t\t\t\t\t\t\t\t\t\t\t\t<a href=\"http:\/\/test.isblite.com\/wp-content\/uploads\/2020\/04\/Mirror-1.jpg\" data-elementor-open-lightbox=\"yes\" data-elementor-lightbox-title=\"Mirror\" data-e-action-hash=\"#elementor-action%3Aaction%3Dlightbox%26settings%3DeyJpZCI6MjgxNSwidXJsIjoiaHR0cHM6XC9cL3Rlc3QuaXNibGl0ZS5jb21cL3dwLWNvbnRlbnRcL3VwbG9hZHNcLzIwMjBcLzA0XC9NaXJyb3ItMS5qcGcifQ%3D%3D\">\n\t\t\t\t\t\t\t<img loading=\"lazy\" decoding=\"async\" width=\"300\" height=\"300\" src=\"https:\/\/test.isblite.com\/wp-content\/uploads\/2020\/04\/Mirror-1.jpg\" class=\"attachment-large size-large wp-image-2815\" alt=\"\" srcset=\"https:\/\/test.isblite.com\/wp-content\/uploads\/2020\/04\/Mirror-1.jpg 300w, https:\/\/test.isblite.com\/wp-content\/uploads\/2020\/04\/Mirror-1-150x150.jpg 150w\" sizes=\"auto, (max-width: 300px) 100vw, 300px\" \/>\t\t\t\t\t\t\t\t<\/a>\n\t\t\t\t\t\t\t\t\t\t\t\t\t\t\t<\/div>\n\t\t\t\t<\/div>\n\t\t\t\t<div class=\"elementor-element elementor-element-47515bf elementor-widget elementor-widget-image\" data-id=\"47515bf\" data-element_type=\"widget\" data-widget_type=\"image.default\">\n\t\t\t\t<div class=\"elementor-widget-container\">\n\t\t\t\t\t\t\t\t\t\t\t\t\t\t\t\t<a href=\"http:\/\/test.isblite.com\/wp-content\/uploads\/2020\/03\/valves.jpg\" data-elementor-open-lightbox=\"yes\" data-elementor-lightbox-title=\"valves\" data-e-action-hash=\"#elementor-action%3Aaction%3Dlightbox%26settings%3DeyJpZCI6MjYxNSwidXJsIjoiaHR0cHM6XC9cL3Rlc3QuaXNibGl0ZS5jb21cL3dwLWNvbnRlbnRcL3VwbG9hZHNcLzIwMjBcLzAzXC92YWx2ZXMuanBnIn0%3D\">\n\t\t\t\t\t\t\t<img loading=\"lazy\" decoding=\"async\" width=\"408\" height=\"408\" src=\"https:\/\/test.isblite.com\/wp-content\/uploads\/2020\/03\/valves.jpg\" class=\"attachment-large size-large wp-image-2615\" alt=\"\" srcset=\"https:\/\/test.isblite.com\/wp-content\/uploads\/2020\/03\/valves.jpg 408w, https:\/\/test.isblite.com\/wp-content\/uploads\/2020\/03\/valves-300x300.jpg 300w, https:\/\/test.isblite.com\/wp-content\/uploads\/2020\/03\/valves-150x150.jpg 150w\" sizes=\"auto, (max-width: 408px) 100vw, 408px\" \/>\t\t\t\t\t\t\t\t<\/a>\n\t\t\t\t\t\t\t\t\t\t\t\t\t\t\t<\/div>\n\t\t\t\t<\/div>\n\t\t\t\t\t<\/div>\n\t\t<\/div>\n\t\t\t\t<div class=\"elementor-column elementor-col-50 elementor-top-column elementor-element elementor-element-028129c\" data-id=\"028129c\" data-element_type=\"column\">\n\t\t\t<div class=\"elementor-widget-wrap elementor-element-populated\">\n\t\t\t\t\t\t\t\t<div class=\"elementor-element elementor-element-53d0da1 elementor-widget elementor-widget-text-editor\" data-id=\"53d0da1\" data-element_type=\"widget\" data-widget_type=\"text-editor.default\">\n\t\t\t\t<div class=\"elementor-widget-container\">\n\t\t\t\t\t\t\t<h2>Vannes de s\u00e9curit\u00e9<\/h2>\n<p><span class=\"tlid-translation translation\" lang=\"fr\">Les soupapes de s\u00e9curit\u00e9 doubles ISB GPA sont con\u00e7ues avec un syst\u00e8me de commande de s\u00e9curit\u00e9 intrins\u00e8quement dynamique qui satisfait ou d\u00e9passe les exigences de la norme europ\u00e9enne EN-692, OSHA et ANSI pour une utilisation sur des presses \u00e0 commande pneumatique. Ces soupapes de s\u00e9curit\u00e9 doubles sont de construction robuste et ont une certification de s\u00e9curit\u00e9 europ\u00e9enne qui d\u00e9passe de nombreuses autres marques concurrentes de soupapes sur le march\u00e9, et pourtant les soupapes GPA sont \u00e0 un prix abordable.<\/p>\n<p>Les vannes ISB se surveillent en permanence en interne \u00e0 chaque op\u00e9ration. Dans le cas o\u00f9 la vanne d\u00e9tecte un dysfonctionnement, la vanne se verrouille automatiquement et ne se r\u00e9initialise que lorsque l&#8217;alimentation est coup\u00e9e et le fonctionnement normal est r\u00e9tabli. Un syst\u00e8me auxiliaire de surveillance de la pression externe avec r\u00e9armement manuel est disponible en option. Deux pressostats en option sont requis pour cette option.<\/p>\n<p>Les vannes \u00bd &#8220;, \u00be&#8221; et 1 &#8220;sont disponibles en stock pour une livraison imm\u00e9diate. Les vannes de s\u00e9curit\u00e9 doubles sont fournies en standard avec des sol\u00e9no\u00efdes 120 VCA et des connecteurs avec varistances int\u00e9gr\u00e9es. Des sol\u00e9no\u00efdes 24 V CC en option peuvent \u00eatre fournis.<\/span><\/p>\n\t\t\t\t\t\t<\/div>\n\t\t\t\t<\/div>\n\t\t\t\t<div class=\"elementor-element elementor-element-f7c444c elementor-widget elementor-widget-image\" data-id=\"f7c444c\" data-element_type=\"widget\" data-widget_type=\"image.default\">\n\t\t\t\t<div class=\"elementor-widget-container\">\n\t\t\t\t\t\t\t\t\t\t\t\t\t\t\t\t<a href=\"http:\/\/test.isblite.com\/wp-content\/uploads\/2020\/02\/safety_valves.png\" data-elementor-open-lightbox=\"yes\" data-elementor-lightbox-title=\"safety_valves\" data-e-action-hash=\"#elementor-action%3Aaction%3Dlightbox%26settings%3DeyJpZCI6NDE0LCJ1cmwiOiJodHRwczpcL1wvdGVzdC5pc2JsaXRlLmNvbVwvd3AtY29udGVudFwvdXBsb2Fkc1wvMjAyMFwvMDJcL3NhZmV0eV92YWx2ZXMucG5nIn0%3D\">\n\t\t\t\t\t\t\t<img loading=\"lazy\" decoding=\"async\" width=\"210\" height=\"210\" src=\"https:\/\/test.isblite.com\/wp-content\/uploads\/2020\/02\/safety_valves.png\" class=\"attachment-large size-large wp-image-414\" alt=\"\" srcset=\"https:\/\/test.isblite.com\/wp-content\/uploads\/2020\/02\/safety_valves.png 210w, https:\/\/test.isblite.com\/wp-content\/uploads\/2020\/02\/safety_valves-150x150.png 150w\" sizes=\"auto, (max-width: 210px) 100vw, 210px\" \/>\t\t\t\t\t\t\t\t<\/a>\n\t\t\t\t\t\t\t\t\t\t\t\t\t\t\t<\/div>\n\t\t\t\t<\/div>\n\t\t\t\t\t<\/div>\n\t\t<\/div>\n\t\t\t\t\t\t\t<\/div>\n\t\t<\/section>\n\t\t\t\t<section class=\"elementor-section elementor-top-section elementor-element elementor-element-e594679 elementor-section-boxed elementor-section-height-default elementor-section-height-default\" data-id=\"e594679\" data-element_type=\"section\">\n\t\t\t\t\t\t<div class=\"elementor-container elementor-column-gap-default\">\n\t\t\t\t\t<div class=\"elementor-column elementor-col-100 elementor-top-column elementor-element elementor-element-34d118b\" data-id=\"34d118b\" data-element_type=\"column\">\n\t\t\t<div class=\"elementor-widget-wrap elementor-element-populated\">\n\t\t\t\t\t\t\t\t<div class=\"elementor-element elementor-element-d7b0c15 elementor-widget elementor-widget-heading\" data-id=\"d7b0c15\" data-element_type=\"widget\" data-widget_type=\"heading.default\">\n\t\t\t\t<div class=\"elementor-widget-container\">\n\t\t\t<h2 class=\"elementor-heading-title elementor-size-default\">Accessoires<\/h2>\t\t<\/div>\n\t\t\t\t<\/div>\n\t\t\t\t\t<\/div>\n\t\t<\/div>\n\t\t\t\t\t\t\t<\/div>\n\t\t<\/section>\n\t\t\t\t<section class=\"elementor-section elementor-top-section elementor-element elementor-element-7b09a0e elementor-section-boxed elementor-section-height-default elementor-section-height-default\" data-id=\"7b09a0e\" data-element_type=\"section\">\n\t\t\t\t\t\t<div class=\"elementor-container elementor-column-gap-default\">\n\t\t\t\t\t<div class=\"elementor-column elementor-col-100 elementor-top-column elementor-element elementor-element-01b0b87\" data-id=\"01b0b87\" data-element_type=\"column\">\n\t\t\t<div class=\"elementor-widget-wrap elementor-element-populated\">\n\t\t\t\t\t\t\t\t<section class=\"elementor-section elementor-inner-section elementor-element elementor-element-10985f1 elementor-section-boxed elementor-section-height-default elementor-section-height-default\" data-id=\"10985f1\" data-element_type=\"section\">\n\t\t\t\t\t\t<div class=\"elementor-container elementor-column-gap-default\">\n\t\t\t\t\t<div class=\"elementor-column elementor-col-50 elementor-inner-column elementor-element elementor-element-4e651bf\" data-id=\"4e651bf\" data-element_type=\"column\">\n\t\t\t<div class=\"elementor-widget-wrap elementor-element-populated\">\n\t\t\t\t\t\t\t\t<div class=\"elementor-element elementor-element-1b5c454 elementor-widget elementor-widget-spacer\" data-id=\"1b5c454\" data-element_type=\"widget\" data-widget_type=\"spacer.default\">\n\t\t\t\t<div class=\"elementor-widget-container\">\n\t\t\t\t\t<div class=\"elementor-spacer\">\n\t\t\t<div class=\"elementor-spacer-inner\"><\/div>\n\t\t<\/div>\n\t\t\t\t<\/div>\n\t\t\t\t<\/div>\n\t\t\t\t<div class=\"elementor-element elementor-element-fcfc8e5 elementor-widget elementor-widget-text-editor\" data-id=\"fcfc8e5\" data-element_type=\"widget\" data-widget_type=\"text-editor.default\">\n\t\t\t\t<div class=\"elementor-widget-container\">\n\t\t\t\t\t\t\t<p>Silencieux de valve pneumatique GPA<\/p>\n\t\t\t\t\t\t<\/div>\n\t\t\t\t<\/div>\n\t\t\t\t<div class=\"elementor-element elementor-element-573cbc7 elementor-widget elementor-widget-image\" data-id=\"573cbc7\" data-element_type=\"widget\" data-widget_type=\"image.default\">\n\t\t\t\t<div class=\"elementor-widget-container\">\n\t\t\t\t\t\t\t\t\t\t\t\t\t\t\t\t<a href=\"https:\/\/test.isblite.com\/fr\/gpa-air-valve-muffler-for-exhaust-port\/\">\n\t\t\t\t\t\t\t<img loading=\"lazy\" decoding=\"async\" width=\"408\" height=\"408\" src=\"https:\/\/test.isblite.com\/wp-content\/uploads\/2020\/02\/muffler_2_3.jpg\" class=\"attachment-full size-full wp-image-1204\" alt=\"\" srcset=\"https:\/\/test.isblite.com\/wp-content\/uploads\/2020\/02\/muffler_2_3.jpg 408w, https:\/\/test.isblite.com\/wp-content\/uploads\/2020\/02\/muffler_2_3-300x300.jpg 300w, https:\/\/test.isblite.com\/wp-content\/uploads\/2020\/02\/muffler_2_3-150x150.jpg 150w\" sizes=\"auto, (max-width: 408px) 100vw, 408px\" \/>\t\t\t\t\t\t\t\t<\/a>\n\t\t\t\t\t\t\t\t\t\t\t\t\t\t\t<\/div>\n\t\t\t\t<\/div>\n\t\t\t\t\t<\/div>\n\t\t<\/div>\n\t\t\t\t<div class=\"elementor-column elementor-col-50 elementor-inner-column elementor-element elementor-element-51757ea\" data-id=\"51757ea\" data-element_type=\"column\">\n\t\t\t<div class=\"elementor-widget-wrap elementor-element-populated\">\n\t\t\t\t\t\t\t\t<div class=\"elementor-element elementor-element-e2503ed elementor-widget elementor-widget-spacer\" data-id=\"e2503ed\" data-element_type=\"widget\" data-widget_type=\"spacer.default\">\n\t\t\t\t<div class=\"elementor-widget-container\">\n\t\t\t\t\t<div class=\"elementor-spacer\">\n\t\t\t<div class=\"elementor-spacer-inner\"><\/div>\n\t\t<\/div>\n\t\t\t\t<\/div>\n\t\t\t\t<\/div>\n\t\t\t\t<div class=\"elementor-element elementor-element-ceb8511 elementor-widget elementor-widget-text-editor\" data-id=\"ceb8511\" data-element_type=\"widget\" data-widget_type=\"text-editor.default\">\n\t\t\t\t<div class=\"elementor-widget-container\">\n\t\t\t\t\t\t\t<p>Pressostat pour vannes de s\u00e9curit\u00e9 GPA<\/p>\n\t\t\t\t\t\t<\/div>\n\t\t\t\t<\/div>\n\t\t\t\t<div class=\"elementor-element elementor-element-9c3d511 elementor-widget elementor-widget-image\" data-id=\"9c3d511\" data-element_type=\"widget\" data-widget_type=\"image.default\">\n\t\t\t\t<div class=\"elementor-widget-container\">\n\t\t\t\t\t\t\t\t\t\t\t\t\t\t\t\t<a href=\"https:\/\/test.isblite.com\/wp-content\/uploads\/2020\/02\/Plug.jpg\" data-elementor-open-lightbox=\"yes\" data-elementor-lightbox-title=\"Plug\" data-e-action-hash=\"#elementor-action%3Aaction%3Dlightbox%26settings%3DeyJpZCI6MTE5MiwidXJsIjoiaHR0cHM6XC9cL3Rlc3QuaXNibGl0ZS5jb21cL3dwLWNvbnRlbnRcL3VwbG9hZHNcLzIwMjBcLzAyXC9QbHVnLmpwZyJ9\">\n\t\t\t\t\t\t\t<img loading=\"lazy\" decoding=\"async\" width=\"502\" height=\"408\" src=\"https:\/\/test.isblite.com\/wp-content\/uploads\/2020\/02\/Plug.jpg\" class=\"attachment-large size-large wp-image-1192\" alt=\"\" srcset=\"https:\/\/test.isblite.com\/wp-content\/uploads\/2020\/02\/Plug.jpg 502w, https:\/\/test.isblite.com\/wp-content\/uploads\/2020\/02\/Plug-300x244.jpg 300w\" sizes=\"auto, (max-width: 502px) 100vw, 502px\" \/>\t\t\t\t\t\t\t\t<\/a>\n\t\t\t\t\t\t\t\t\t\t\t\t\t\t\t<\/div>\n\t\t\t\t<\/div>\n\t\t\t\t\t<\/div>\n\t\t<\/div>\n\t\t\t\t\t\t\t<\/div>\n\t\t<\/section>\n\t\t\t\t\t<\/div>\n\t\t<\/div>\n\t\t\t\t\t\t\t<\/div>\n\t\t<\/section>\n\t\t\t\t<section class=\"elementor-section elementor-top-section elementor-element elementor-element-21f58b4 elementor-section-boxed elementor-section-height-default elementor-section-height-default\" data-id=\"21f58b4\" data-element_type=\"section\">\n\t\t\t\t\t\t<div class=\"elementor-container elementor-column-gap-default\">\n\t\t\t\t\t<div class=\"elementor-column elementor-col-100 elementor-top-column elementor-element elementor-element-8c54c17\" data-id=\"8c54c17\" data-element_type=\"column\">\n\t\t\t<div class=\"elementor-widget-wrap elementor-element-populated\">\n\t\t\t\t\t\t\t\t<div class=\"elementor-element elementor-element-d17018f elementor-widget elementor-widget-html\" data-id=\"d17018f\" data-element_type=\"widget\" data-widget_type=\"html.default\">\n\t\t\t\t<div class=\"elementor-widget-container\">\n\t\t\t<h6>Ordering Information<\/h6>\n<table style=\"width:100%\">\n  <tr>\n    <th width=\"30%\">ISB part #<\/th>\n    <th width=\"70%\">Description<\/th> \n  <\/tr>\n<tr>\n  <td>56-3010-110<\/td>\n  <td>1\/2\" GPA Valve  313MEPA50  (1\/2\" operating port, 3\/8\" supply port,  1\" exhaust port, 110VAC)<\/td>\n<\/tr>\n<tr>\n  <td>56-3010-220<\/td>\n  <td>3\/4\" GPA Valve   314MEPA52 ( 3\/4\" operating port, 1\/2\" supply port, 1\" exhaust port, 110VAC)<\/td>\n<\/tr>\n<tr>\n  <td>56-3010-330<\/td>\n  <td>1\" GPA Valve     316MEPA50 (1\" operating port, 1\/2\" supply port, 1.5\" exhaust port, 110VAC)<\/td>\n<\/tr>\n<tr>\n  <td>56-3010-40<\/td>\n  <td>1\/2\" GPA Valve  313MEPA50  (1\/2\" operating port, 3\/8\" supply port,  1\" exhaust port, 24VDC)<\/td>\n<\/tr>\n<tr>\n  <td>56-3010-50<\/td>\n  <td>3\/4\" GPA Valve   314MEPA52 ( 3\/4\" operating port, 1\/2\" supply port, 1\" exhaust port, 24VDC)<\/td>\n<\/tr>\n<tr>\n  <td>56-3010-60<\/td>\n  <td>1\" GPA Valve     316MEPA50 (1\" operating port, 1\/2\" supply port, 1.5\" exhaust port, 24VDC)<\/td>\n<\/tr>\n<tr>\n  <td>56-3015-001<\/td>\n  <td>Pressure Fault Monitor switch for all above valves.  (2 required per valve)    Price provided is per unit<\/td>\n<\/tr>\n<tr>\n  <td>56-3020-02<\/td>\n  <td>GPA Air valve for 1\" exhaust muffler (for 1\/2\" and 3\/4\" GPA  valves)<\/td>\n<\/tr>\n<tr>\n  <td>56-3020-03<\/td>\n  <td>GPA Air valve for 1.5\" exhaust muffler (for 1\" GPA  valves)<\/td>\n<\/tr>\n<tr>\n  <td>56-3010-24-DC-1<\/td>\n  <td>GPA Valve 1\/2\" 24 V DC solenoid kit  (2 per valve)<\/td>\n<\/tr>\n<tr>\n  <td>56-3010-24-DC-2<\/td>\n  <td>GPA Valve 3\/4\" 24 V DC solenoid kit  ( 2 per valve)<\/td>\n<\/tr>\n<tr>\n  <td>56-3010-24-DC-3<\/td>\n  <td>GPA Valve  1\"  24 V DC solenoid kit   ( 2 per valve)<\/td>\n<\/tr>\n<tr>\n  <td>90-2050-01<\/td>\n  <td>GPA Valve wiring box<\/td>\n<\/tr>\n<\/table>\n\t\t<\/div>\n\t\t\t\t<\/div>\n\t\t\t\t\t<\/div>\n\t\t<\/div>\n\t\t\t\t\t\t\t<\/div>\n\t\t<\/section>\n\t\t\t\t\t\t\t<\/div>\n\t\t","protected":false},"excerpt":{"rendered":"<p>Vannes de s\u00e9curit\u00e9 Vannes de s\u00e9curit\u00e9 Les soupapes de s\u00e9curit\u00e9 doubles ISB GPA sont con\u00e7ues avec un syst\u00e8me de commande de s\u00e9curit\u00e9 intrins\u00e8quement dynamique qui satisfait ou d\u00e9passe les exigences de la norme europ\u00e9enne EN-692, OSHA et ANSI pour une utilisation sur des presses \u00e0 commande pneumatique. Ces soupapes de s\u00e9curit\u00e9 doubles sont de construction [&hellip;]<\/p>\n","protected":false},"author":1,"featured_media":9089,"parent":563,"menu_order":27,"comment_status":"closed","ping_status":"closed","template":"page_products.php","meta":{"_acf_changed":false,"footnotes":""},"class_list":["post-1174","page","type-page","status-publish","has-post-thumbnail","hentry"],"acf":[],"post_mailing_queue_ids":[],"_links":{"self":[{"href":"https:\/\/test.isblite.com\/fr\/wp-json\/wp\/v2\/pages\/1174","targetHints":{"allow":["GET"]}}],"collection":[{"href":"https:\/\/test.isblite.com\/fr\/wp-json\/wp\/v2\/pages"}],"about":[{"href":"https:\/\/test.isblite.com\/fr\/wp-json\/wp\/v2\/types\/page"}],"author":[{"embeddable":true,"href":"https:\/\/test.isblite.com\/fr\/wp-json\/wp\/v2\/users\/1"}],"replies":[{"embeddable":true,"href":"https:\/\/test.isblite.com\/fr\/wp-json\/wp\/v2\/comments?post=1174"}],"version-history":[{"count":16,"href":"https:\/\/test.isblite.com\/fr\/wp-json\/wp\/v2\/pages\/1174\/revisions"}],"predecessor-version":[{"id":15530,"href":"https:\/\/test.isblite.com\/fr\/wp-json\/wp\/v2\/pages\/1174\/revisions\/15530"}],"up":[{"embeddable":true,"href":"https:\/\/test.isblite.com\/fr\/wp-json\/wp\/v2\/pages\/563"}],"wp:featuredmedia":[{"embeddable":true,"href":"https:\/\/test.isblite.com\/fr\/wp-json\/wp\/v2\/media\/9089"}],"wp:attachment":[{"href":"https:\/\/test.isblite.com\/fr\/wp-json\/wp\/v2\/media?parent=1174"}],"curies":[{"name":"wp","href":"https:\/\/api.w.org\/{rel}","templated":true}]}}