{"id":508,"date":"2019-12-22T18:39:30","date_gmt":"2019-12-22T18:39:30","guid":{"rendered":"http:\/\/test.test.test.isblite.comabout-us\/"},"modified":"2020-07-03T11:52:13","modified_gmt":"2020-07-03T16:52:13","slug":"about-us","status":"publish","type":"page","link":"https:\/\/test.isblite.com\/fr\/about-us\/","title":{"rendered":"\u00c0 propos de nous"},"content":{"rendered":"\t\t<div data-elementor-type=\"wp-page\" data-elementor-id=\"508\" class=\"elementor elementor-508 elementor-23\">\n\t\t\t\t\t\t\t\t\t<section class=\"elementor-section elementor-top-section elementor-element elementor-element-4068742 elementor-section-boxed elementor-section-height-default elementor-section-height-default\" data-id=\"4068742\" data-element_type=\"section\">\n\t\t\t\t\t\t<div class=\"elementor-container elementor-column-gap-default\">\n\t\t\t\t\t<div class=\"elementor-column elementor-col-100 elementor-top-column elementor-element elementor-element-84ea54c\" data-id=\"84ea54c\" data-element_type=\"column\">\n\t\t\t<div class=\"elementor-widget-wrap elementor-element-populated\">\n\t\t\t\t\t\t\t\t<div class=\"elementor-element elementor-element-3b3ac9f elementor-widget elementor-widget-heading\" data-id=\"3b3ac9f\" data-element_type=\"widget\" data-widget_type=\"heading.default\">\n\t\t\t\t<div class=\"elementor-widget-container\">\n\t\t\t<h2 class=\"elementor-heading-title elementor-size-default\">Histoire de l'entreprise<\/h2>\t\t<\/div>\n\t\t\t\t<\/div>\n\t\t\t\t<div class=\"elementor-element elementor-element-5130ceb elementor-widget-divider--view-line elementor-widget elementor-widget-divider\" data-id=\"5130ceb\" data-element_type=\"widget\" data-widget_type=\"divider.default\">\n\t\t\t\t<div class=\"elementor-widget-container\">\n\t\t\t\t\t<div class=\"elementor-divider\">\n\t\t\t<span class=\"elementor-divider-separator\">\n\t\t\t\t\t\t<\/span>\n\t\t<\/div>\n\t\t\t\t<\/div>\n\t\t\t\t<\/div>\n\t\t\t\t\t<\/div>\n\t\t<\/div>\n\t\t\t\t\t\t\t<\/div>\n\t\t<\/section>\n\t\t\t\t<section class=\"elementor-section elementor-top-section elementor-element elementor-element-bf4bc4a elementor-section-boxed elementor-section-height-default elementor-section-height-default\" data-id=\"bf4bc4a\" data-element_type=\"section\">\n\t\t\t\t\t\t<div class=\"elementor-container elementor-column-gap-default\">\n\t\t\t\t\t<div class=\"elementor-column elementor-col-50 elementor-top-column elementor-element elementor-element-996e78b\" data-id=\"996e78b\" data-element_type=\"column\">\n\t\t\t<div class=\"elementor-widget-wrap elementor-element-populated\">\n\t\t\t\t\t\t\t\t<div class=\"elementor-element elementor-element-af06c9d elementor-widget elementor-widget-image\" data-id=\"af06c9d\" data-element_type=\"widget\" data-widget_type=\"image.default\">\n\t\t\t\t<div class=\"elementor-widget-container\">\n\t\t\t\t\t\t\t\t\t\t\t\t\t\t\t<img loading=\"lazy\" decoding=\"async\" width=\"450\" height=\"302\" src=\"https:\/\/test.isblite.com\/wp-content\/uploads\/2020\/01\/FrontPageImage2.jpg\" class=\"attachment-large size-large wp-image-134\" alt=\"\" srcset=\"https:\/\/test.isblite.com\/wp-content\/uploads\/2020\/01\/FrontPageImage2.jpg 450w, https:\/\/test.isblite.com\/wp-content\/uploads\/2020\/01\/FrontPageImage2-300x201.jpg 300w\" sizes=\"auto, (max-width: 450px) 100vw, 450px\" \/>\t\t\t\t\t\t\t\t\t\t\t\t\t\t\t<\/div>\n\t\t\t\t<\/div>\n\t\t\t\t\t<\/div>\n\t\t<\/div>\n\t\t\t\t<div class=\"elementor-column elementor-col-50 elementor-top-column elementor-element elementor-element-dca7a5f\" data-id=\"dca7a5f\" data-element_type=\"column\">\n\t\t\t<div class=\"elementor-widget-wrap elementor-element-populated\">\n\t\t\t\t\t\t\t\t<div class=\"elementor-element elementor-element-bfd6caa elementor-widget elementor-widget-text-editor\" data-id=\"bfd6caa\" data-element_type=\"widget\" data-widget_type=\"text-editor.default\">\n\t\t\t\t<div class=\"elementor-widget-container\">\n\t\t\t\t\t\t\t<p><span style=\"color: #000000;\"><span class=\"tlid-translation translation\" lang=\"fr\">ISB a \u00e9t\u00e9 fond\u00e9e et incorpor\u00e9e en 1972, \u00e9tant la premi\u00e8re entreprise \u00e0 utiliser des LED (diodes \u00e9lectroluminescentes) pour d\u00e9velopper une barri\u00e8re infrarouge de s\u00e9curit\u00e9. Au fil des ans, l&#8217;\u00e9quipe de production et de d\u00e9veloppement d&#8217;ISB a produit plusieurs g\u00e9n\u00e9rations de barri\u00e8res infrarouges conform\u00e9ment aux changements r\u00e9glementaires de l&#8217;industrie et aux demandes du march\u00e9. En 1980, ISB a dirig\u00e9 le d\u00e9veloppement d&#8217;une commande par microprocesseur, d&#8217;une presse et d&#8217;une presse plieuse avec une attention particuli\u00e8re pour la s\u00e9curit\u00e9, la productivit\u00e9 et la facilit\u00e9 de remplacement des anciennes commandes de relais m\u00e9caniques archa\u00efques. En 1985, ISB a d\u00e9velopp\u00e9 et brevet\u00e9 un bouton de course unique, le Softouch, pour initier le cycle d&#8217;une machine en r\u00e9duisant de mani\u00e8re fiable et s\u00fbre les blessures li\u00e9es au syndrome carpien. En 2004, ISB a d\u00e9velopp\u00e9 l&#8217;une des commandes de presses \u00e0 r\u00e9solveur les plus compactes et les plus \u00e9conomiques. En 2012, ISB introduit sur le march\u00e9 le MX4000, une barri\u00e8re infrarouge de s\u00e9curit\u00e9 de type 4, PLe, SIL 3, certifi\u00e9e par T\u00dcV Rheinland. En 2019, le dernier ajout \u00e0 la gamme de produits a \u00e9t\u00e9 introduit: le pack de protection des freins de presse Merlin 4000.<\/span><\/span><\/p>\n\t\t\t\t\t\t<\/div>\n\t\t\t\t<\/div>\n\t\t\t\t\t<\/div>\n\t\t<\/div>\n\t\t\t\t\t\t\t<\/div>\n\t\t<\/section>\n\t\t\t\t\t\t\t<\/div>\n\t\t","protected":false},"excerpt":{"rendered":"<p>Histoire de l&#8217;entreprise ISB a \u00e9t\u00e9 fond\u00e9e et incorpor\u00e9e en 1972, \u00e9tant la premi\u00e8re entreprise \u00e0 utiliser des LED (diodes \u00e9lectroluminescentes) pour d\u00e9velopper une barri\u00e8re infrarouge de s\u00e9curit\u00e9. Au fil des ans, l&#8217;\u00e9quipe de production et de d\u00e9veloppement d&#8217;ISB a produit plusieurs g\u00e9n\u00e9rations de barri\u00e8res infrarouges conform\u00e9ment aux changements r\u00e9glementaires de l&#8217;industrie et aux demandes [&hellip;]<\/p>\n","protected":false},"author":1,"featured_media":0,"parent":0,"menu_order":94,"comment_status":"closed","ping_status":"closed","template":"","meta":{"_acf_changed":false,"footnotes":""},"class_list":["post-508","page","type-page","status-publish","hentry"],"acf":[],"post_mailing_queue_ids":[],"_links":{"self":[{"href":"https:\/\/test.isblite.com\/fr\/wp-json\/wp\/v2\/pages\/508","targetHints":{"allow":["GET"]}}],"collection":[{"href":"https:\/\/test.isblite.com\/fr\/wp-json\/wp\/v2\/pages"}],"about":[{"href":"https:\/\/test.isblite.com\/fr\/wp-json\/wp\/v2\/types\/page"}],"author":[{"embeddable":true,"href":"https:\/\/test.isblite.com\/fr\/wp-json\/wp\/v2\/users\/1"}],"replies":[{"embeddable":true,"href":"https:\/\/test.isblite.com\/fr\/wp-json\/wp\/v2\/comments?post=508"}],"version-history":[{"count":7,"href":"https:\/\/test.isblite.com\/fr\/wp-json\/wp\/v2\/pages\/508\/revisions"}],"predecessor-version":[{"id":4517,"href":"https:\/\/test.isblite.com\/fr\/wp-json\/wp\/v2\/pages\/508\/revisions\/4517"}],"wp:attachment":[{"href":"https:\/\/test.isblite.com\/fr\/wp-json\/wp\/v2\/media?parent=508"}],"curies":[{"name":"wp","href":"https:\/\/api.w.org\/{rel}","templated":true}]}}