{"id":542,"date":"2019-12-15T18:53:07","date_gmt":"2019-12-15T18:53:07","guid":{"rendered":"http:\/\/test.test.test.isblite.comsample-page\/"},"modified":"2024-04-03T13:06:07","modified_gmt":"2024-04-03T18:06:07","slug":"sample-page","status":"publish","type":"page","link":"https:\/\/test.isblite.com\/fr\/","title":{"rendered":"Accueil"},"content":{"rendered":"\t\t<div data-elementor-type=\"wp-page\" data-elementor-id=\"542\" class=\"elementor elementor-542 elementor-2\">\n\t\t\t\t\t\t\t\t\t<section class=\"elementor-section elementor-top-section elementor-element elementor-element-292867b elementor-section-boxed elementor-section-height-default elementor-section-height-default\" data-id=\"292867b\" data-element_type=\"section\">\n\t\t\t\t\t\t<div class=\"elementor-container elementor-column-gap-default\">\n\t\t\t\t\t<div class=\"elementor-column elementor-col-100 elementor-top-column elementor-element elementor-element-f904653\" data-id=\"f904653\" data-element_type=\"column\">\n\t\t\t<div class=\"elementor-widget-wrap elementor-element-populated\">\n\t\t\t\t\t\t\t\t<div class=\"elementor-element elementor-element-794c155 elementor-arrows-position-inside elementor-pagination-position-outside elementor-widget elementor-widget-image-carousel\" data-id=\"794c155\" data-element_type=\"widget\" data-settings=\"{&quot;slides_to_show&quot;:&quot;1&quot;,&quot;navigation&quot;:&quot;both&quot;,&quot;autoplay&quot;:&quot;yes&quot;,&quot;pause_on_hover&quot;:&quot;yes&quot;,&quot;pause_on_interaction&quot;:&quot;yes&quot;,&quot;autoplay_speed&quot;:5000,&quot;infinite&quot;:&quot;yes&quot;,&quot;effect&quot;:&quot;slide&quot;,&quot;speed&quot;:500}\" data-widget_type=\"image-carousel.default\">\n\t\t\t\t<div class=\"elementor-widget-container\">\n\t\t\t\t\t<div class=\"elementor-image-carousel-wrapper swiper-container\" dir=\"ltr\">\n\t\t\t<div class=\"elementor-image-carousel swiper-wrapper\" aria-live=\"off\">\n\t\t\t\t\t\t\t\t<div class=\"swiper-slide\" role=\"group\" aria-roledescription=\"slide\" aria-label=\"1 sur 4\"><figure class=\"swiper-slide-inner\"><img decoding=\"async\" class=\"swiper-slide-image\" src=\"https:\/\/test.isblite.com\/wp-content\/uploads\/2020\/06\/SLIDER1_FR.jpg\" alt=\"SLIDER1_FR\" \/><\/figure><\/div><div class=\"swiper-slide\" role=\"group\" aria-roledescription=\"slide\" aria-label=\"2 sur 4\"><figure class=\"swiper-slide-inner\"><img decoding=\"async\" class=\"swiper-slide-image\" src=\"https:\/\/test.isblite.com\/wp-content\/uploads\/2020\/06\/SLIDER2_FR.jpg\" alt=\"SLIDER2_FR\" \/><\/figure><\/div><div class=\"swiper-slide\" role=\"group\" aria-roledescription=\"slide\" aria-label=\"3 sur 4\"><figure class=\"swiper-slide-inner\"><img decoding=\"async\" class=\"swiper-slide-image\" src=\"https:\/\/test.isblite.com\/wp-content\/uploads\/2020\/03\/Slider_fr3.jpg\" alt=\"Slider_fr3\" \/><\/figure><\/div><div class=\"swiper-slide\" role=\"group\" aria-roledescription=\"slide\" aria-label=\"4 sur 4\"><figure class=\"swiper-slide-inner\"><img decoding=\"async\" class=\"swiper-slide-image\" src=\"https:\/\/test.isblite.com\/wp-content\/uploads\/2021\/08\/Slider4.jpg\" alt=\"Slider4\" \/><\/figure><\/div>\t\t\t<\/div>\n\t\t\t\t\t\t\t\t\t\t\t\t<div class=\"elementor-swiper-button elementor-swiper-button-prev\" role=\"button\" tabindex=\"0\">\n\t\t\t\t\t\t<i aria-hidden=\"true\" class=\"eicon-chevron-left\"><\/i>\t\t\t\t\t<\/div>\n\t\t\t\t\t<div class=\"elementor-swiper-button elementor-swiper-button-next\" role=\"button\" tabindex=\"0\">\n\t\t\t\t\t\t<i aria-hidden=\"true\" class=\"eicon-chevron-right\"><\/i>\t\t\t\t\t<\/div>\n\t\t\t\t\n\t\t\t\t\t\t\t\t\t<div class=\"swiper-pagination\"><\/div>\n\t\t\t\t\t\t\t\t\t<\/div>\n\t\t\t\t<\/div>\n\t\t\t\t<\/div>\n\t\t\t\t\t<\/div>\n\t\t<\/div>\n\t\t\t\t\t\t\t<\/div>\n\t\t<\/section>\n\t\t\t\t<section class=\"elementor-section elementor-top-section elementor-element elementor-element-2b85c9c elementor-section-full_width elementor-section-height-default elementor-section-height-default\" data-id=\"2b85c9c\" data-element_type=\"section\">\n\t\t\t\t\t\t<div class=\"elementor-container elementor-column-gap-default\">\n\t\t\t\t\t<div class=\"elementor-column elementor-col-33 elementor-top-column elementor-element elementor-element-9edbf28\" data-id=\"9edbf28\" data-element_type=\"column\">\n\t\t\t<div class=\"elementor-widget-wrap elementor-element-populated\">\n\t\t\t\t\t\t\t\t<div class=\"elementor-element elementor-element-9585235 elementor-position-top elementor-invisible elementor-widget elementor-widget-image-box\" data-id=\"9585235\" data-element_type=\"widget\" data-settings=\"{&quot;_animation&quot;:&quot;zoomIn&quot;}\" data-widget_type=\"image-box.default\">\n\t\t\t\t<div class=\"elementor-widget-container\">\n\t\t\t<div class=\"elementor-image-box-wrapper\"><figure class=\"elementor-image-box-img\"><a href=\"https:\/\/test.isblite.com\/fr\/products\/safety-light-curtains\/\" tabindex=\"-1\"><img loading=\"lazy\" decoding=\"async\" width=\"300\" height=\"300\" src=\"https:\/\/test.isblite.com\/wp-content\/uploads\/2020\/03\/MX_11.jpg\" class=\"attachment-large size-large wp-image-2387\" alt=\"\" srcset=\"https:\/\/test.isblite.com\/wp-content\/uploads\/2020\/03\/MX_11.jpg 300w, https:\/\/test.isblite.com\/wp-content\/uploads\/2020\/03\/MX_11-150x150.jpg 150w\" sizes=\"auto, (max-width: 300px) 100vw, 300px\" \/><\/a><\/figure><div class=\"elementor-image-box-content\"><h3 class=\"elementor-image-box-title\"><a href=\"https:\/\/test.isblite.com\/fr\/products\/safety-light-curtains\/\">MX 4000 <\/a><\/h3><\/div><\/div>\t\t<\/div>\n\t\t\t\t<\/div>\n\t\t\t\t\t<\/div>\n\t\t<\/div>\n\t\t\t\t<div class=\"elementor-column elementor-col-33 elementor-top-column elementor-element elementor-element-72b68ce\" data-id=\"72b68ce\" data-element_type=\"column\">\n\t\t\t<div class=\"elementor-widget-wrap elementor-element-populated\">\n\t\t\t\t\t\t\t\t<div class=\"elementor-element elementor-element-08046aa elementor-position-top elementor-invisible elementor-widget elementor-widget-image-box\" data-id=\"08046aa\" data-element_type=\"widget\" data-settings=\"{&quot;_animation&quot;:&quot;zoomIn&quot;}\" data-widget_type=\"image-box.default\">\n\t\t\t\t<div class=\"elementor-widget-container\">\n\t\t\t<div class=\"elementor-image-box-wrapper\"><figure class=\"elementor-image-box-img\"><a href=\"https:\/\/test.isblite.com\/fr\/products\/merlin-press-brake-guarding\/\" tabindex=\"-1\"><img loading=\"lazy\" decoding=\"async\" width=\"300\" height=\"300\" src=\"https:\/\/test.isblite.com\/wp-content\/uploads\/2020\/03\/HMI_2-2.jpg\" class=\"attachment-large size-large wp-image-2248\" alt=\"\" srcset=\"https:\/\/test.isblite.com\/wp-content\/uploads\/2020\/03\/HMI_2-2.jpg 300w, https:\/\/test.isblite.com\/wp-content\/uploads\/2020\/03\/HMI_2-2-150x150.jpg 150w\" sizes=\"auto, (max-width: 300px) 100vw, 300px\" \/><\/a><\/figure><div class=\"elementor-image-box-content\"><h3 class=\"elementor-image-box-title\"><a href=\"https:\/\/test.isblite.com\/fr\/products\/merlin-press-brake-guarding\/\">MERLIN 4000<\/a><\/h3><\/div><\/div>\t\t<\/div>\n\t\t\t\t<\/div>\n\t\t\t\t\t<\/div>\n\t\t<\/div>\n\t\t\t\t<div class=\"elementor-column elementor-col-33 elementor-top-column elementor-element elementor-element-23ac609\" data-id=\"23ac609\" data-element_type=\"column\">\n\t\t\t<div class=\"elementor-widget-wrap elementor-element-populated\">\n\t\t\t\t\t\t\t\t<div class=\"elementor-element elementor-element-8dd5966 elementor-position-top elementor-invisible elementor-widget elementor-widget-image-box\" data-id=\"8dd5966\" data-element_type=\"widget\" data-settings=\"{&quot;_animation&quot;:&quot;zoomIn&quot;}\" data-widget_type=\"image-box.default\">\n\t\t\t\t<div class=\"elementor-widget-container\">\n\t\t\t<div class=\"elementor-image-box-wrapper\"><figure class=\"elementor-image-box-img\"><a href=\"http:\/\/test.isblite.com\/fr\/products\/rbpc-press-controls\/\" tabindex=\"-1\"><img loading=\"lazy\" decoding=\"async\" width=\"300\" height=\"300\" src=\"https:\/\/test.isblite.com\/wp-content\/uploads\/2020\/03\/RBPC_1.jpg\" class=\"attachment-medium_large size-medium_large wp-image-2288\" alt=\"\" srcset=\"https:\/\/test.isblite.com\/wp-content\/uploads\/2020\/03\/RBPC_1.jpg 300w, https:\/\/test.isblite.com\/wp-content\/uploads\/2020\/03\/RBPC_1-150x150.jpg 150w\" sizes=\"auto, (max-width: 300px) 100vw, 300px\" \/><\/a><\/figure><div class=\"elementor-image-box-content\"><h3 class=\"elementor-image-box-title\"><a href=\"http:\/\/test.isblite.com\/fr\/products\/rbpc-press-controls\/\">RBPC <\/a><\/h3><\/div><\/div>\t\t<\/div>\n\t\t\t\t<\/div>\n\t\t\t\t\t<\/div>\n\t\t<\/div>\n\t\t\t\t\t\t\t<\/div>\n\t\t<\/section>\n\t\t\t\t<section class=\"elementor-section elementor-top-section elementor-element elementor-element-d1016f7 elementor-section-full_width elementor-section-height-default elementor-section-height-default\" data-id=\"d1016f7\" data-element_type=\"section\">\n\t\t\t\t\t\t<div class=\"elementor-container elementor-column-gap-default\">\n\t\t\t\t\t<div class=\"elementor-column elementor-col-50 elementor-top-column elementor-element elementor-element-475904b\" data-id=\"475904b\" data-element_type=\"column\">\n\t\t\t<div class=\"elementor-widget-wrap elementor-element-populated\">\n\t\t\t\t\t\t\t\t<div class=\"elementor-element elementor-element-413ffdd elementor-widget elementor-widget-image\" data-id=\"413ffdd\" data-element_type=\"widget\" data-widget_type=\"image.default\">\n\t\t\t\t<div class=\"elementor-widget-container\">\n\t\t\t\t\t\t\t\t\t\t\t\t\t\t\t<img loading=\"lazy\" decoding=\"async\" width=\"400\" height=\"351\" src=\"https:\/\/test.isblite.com\/wp-content\/uploads\/2020\/03\/KNIGHT_4CMYK-small.png\" class=\"attachment-large size-large wp-image-2651\" alt=\"\" srcset=\"https:\/\/test.isblite.com\/wp-content\/uploads\/2020\/03\/KNIGHT_4CMYK-small.png 400w, https:\/\/test.isblite.com\/wp-content\/uploads\/2020\/03\/KNIGHT_4CMYK-small-300x263.png 300w\" sizes=\"auto, (max-width: 400px) 100vw, 400px\" \/>\t\t\t\t\t\t\t\t\t\t\t\t\t\t\t<\/div>\n\t\t\t\t<\/div>\n\t\t\t\t\t<\/div>\n\t\t<\/div>\n\t\t\t\t<div class=\"elementor-column elementor-col-50 elementor-top-column elementor-element elementor-element-9fa460a\" data-id=\"9fa460a\" data-element_type=\"column\">\n\t\t\t<div class=\"elementor-widget-wrap elementor-element-populated\">\n\t\t\t\t\t\t\t\t<div class=\"elementor-element elementor-element-cf12540 elementor-widget elementor-widget-heading\" data-id=\"cf12540\" data-element_type=\"widget\" data-widget_type=\"heading.default\">\n\t\t\t\t<div class=\"elementor-widget-container\">\n\t\t\t<h2 class=\"elementor-heading-title elementor-size-xl\">Fabricant de produits de s\u00e9curit\u00e9 et d'automatisation pour l'industrie<br><br><\/h2>\t\t<\/div>\n\t\t\t\t<\/div>\n\t\t\t\t<div class=\"elementor-element elementor-element-f8b5359 elementor-widget elementor-widget-heading\" data-id=\"f8b5359\" data-element_type=\"widget\" data-widget_type=\"heading.default\">\n\t\t\t\t<div class=\"elementor-widget-container\">\n\t\t\t<p class=\"elementor-heading-title elementor-size-default\">ISB est un fabricant leader de produits \u00e9lectroniques de s\u00e9curit\u00e9 et d'automatisation pour l'industrie de l'estampage et de la fabrication des m\u00e9taux. Depuis 1972, ISB a r\u00e9pondu aux d\u00e9fis auxquels sont confront\u00e9s les ateliers de m\u00e9tallurgie en fournissant des produits s\u00fbrs et fiables con\u00e7us pour prot\u00e9ger totalement le personnel de l'usine, tout en fournissant la technologie pour rendre chaque machine plus productive. ISB est fier d'offrir une gamme de produits compl\u00e8te qui offre \u00e0 ses clients une solution compl\u00e8te pour la sauvegarde et l'automatisation des machines de travail des m\u00e9taux.<\/p>\t\t<\/div>\n\t\t\t\t<\/div>\n\t\t\t\t\t<\/div>\n\t\t<\/div>\n\t\t\t\t\t\t\t<\/div>\n\t\t<\/section>\n\t\t\t\t<section class=\"elementor-section elementor-top-section elementor-element elementor-element-522b9da elementor-section-full_width elementor-section-height-default elementor-section-height-default\" data-id=\"522b9da\" data-element_type=\"section\">\n\t\t\t\t\t\t<div class=\"elementor-container elementor-column-gap-default\">\n\t\t\t\t\t<div class=\"elementor-column elementor-col-50 elementor-top-column elementor-element elementor-element-62b928b\" data-id=\"62b928b\" data-element_type=\"column\">\n\t\t\t<div class=\"elementor-widget-wrap elementor-element-populated\">\n\t\t\t\t\t\t\t\t<div class=\"elementor-element elementor-element-45a09c8 elementor-position-top elementor-invisible elementor-widget elementor-widget-image-box\" data-id=\"45a09c8\" data-element_type=\"widget\" data-settings=\"{&quot;_animation&quot;:&quot;zoomIn&quot;}\" data-widget_type=\"image-box.default\">\n\t\t\t\t<div class=\"elementor-widget-container\">\n\t\t\t<div class=\"elementor-image-box-wrapper\"><figure class=\"elementor-image-box-img\"><a href=\"https:\/\/test.isblite.com\/fr\/news\/\" tabindex=\"-1\"><img loading=\"lazy\" decoding=\"async\" width=\"580\" height=\"580\" src=\"https:\/\/test.isblite.com\/wp-content\/uploads\/2020\/03\/ISB_logo_master_v02_shield-768x768.png\" class=\"attachment-medium_large size-medium_large wp-image-2655\" alt=\"\" srcset=\"https:\/\/test.isblite.com\/wp-content\/uploads\/2020\/03\/ISB_logo_master_v02_shield-768x768.png 768w, https:\/\/test.isblite.com\/wp-content\/uploads\/2020\/03\/ISB_logo_master_v02_shield-300x300.png 300w, https:\/\/test.isblite.com\/wp-content\/uploads\/2020\/03\/ISB_logo_master_v02_shield-1024x1024.png 1024w, https:\/\/test.isblite.com\/wp-content\/uploads\/2020\/03\/ISB_logo_master_v02_shield-150x150.png 150w, https:\/\/test.isblite.com\/wp-content\/uploads\/2020\/03\/ISB_logo_master_v02_shield-1200x1200.png 1200w, https:\/\/test.isblite.com\/wp-content\/uploads\/2020\/03\/ISB_logo_master_v02_shield.png 1528w\" sizes=\"auto, (max-width: 580px) 100vw, 580px\" \/><\/a><\/figure><div class=\"elementor-image-box-content\"><h3 class=\"elementor-image-box-title\"><a href=\"https:\/\/test.isblite.com\/fr\/news\/\">Nouvelles<\/a><\/h3><\/div><\/div>\t\t<\/div>\n\t\t\t\t<\/div>\n\t\t\t\t\t<\/div>\n\t\t<\/div>\n\t\t\t\t<div class=\"elementor-column elementor-col-50 elementor-top-column elementor-element elementor-element-e184609\" data-id=\"e184609\" data-element_type=\"column\">\n\t\t\t<div class=\"elementor-widget-wrap elementor-element-populated\">\n\t\t\t\t\t\t\t\t<div class=\"elementor-element elementor-element-27e336e elementor-position-top elementor-invisible elementor-widget elementor-widget-image-box\" data-id=\"27e336e\" data-element_type=\"widget\" data-settings=\"{&quot;_animation&quot;:&quot;zoomIn&quot;}\" data-widget_type=\"image-box.default\">\n\t\t\t\t<div class=\"elementor-widget-container\">\n\t\t\t<div class=\"elementor-image-box-wrapper\"><figure class=\"elementor-image-box-img\"><a href=\"https:\/\/test.isblite.com\/fr\/distributor-locator\/\" tabindex=\"-1\"><img loading=\"lazy\" decoding=\"async\" width=\"450\" height=\"450\" src=\"https:\/\/test.isblite.com\/wp-content\/uploads\/2020\/02\/Distributor_locator_Page_image-02.png\" class=\"attachment-large size-large wp-image-1362\" alt=\"\" srcset=\"https:\/\/test.isblite.com\/wp-content\/uploads\/2020\/02\/Distributor_locator_Page_image-02.png 450w, https:\/\/test.isblite.com\/wp-content\/uploads\/2020\/02\/Distributor_locator_Page_image-02-300x300.png 300w, https:\/\/test.isblite.com\/wp-content\/uploads\/2020\/02\/Distributor_locator_Page_image-02-150x150.png 150w\" sizes=\"auto, (max-width: 450px) 100vw, 450px\" \/><\/a><\/figure><div class=\"elementor-image-box-content\"><h3 class=\"elementor-image-box-title\"><a href=\"https:\/\/test.isblite.com\/fr\/distributor-locator\/\">O\u00f9 Acheter<\/a><\/h3><\/div><\/div>\t\t<\/div>\n\t\t\t\t<\/div>\n\t\t\t\t\t<\/div>\n\t\t<\/div>\n\t\t\t\t\t\t\t<\/div>\n\t\t<\/section>\n\t\t\t\t\t\t\t<\/div>\n\t\t","protected":false},"excerpt":{"rendered":"<p>MX 4000 MERLIN 4000 RBPC Fabricant de produits de s\u00e9curit\u00e9 et d&#8217;automatisation pour l&#8217;industrie ISB est un fabricant leader de produits \u00e9lectroniques de s\u00e9curit\u00e9 et d&#8217;automatisation pour l&#8217;industrie de l&#8217;estampage et de la fabrication des m\u00e9taux. Depuis 1972, ISB a r\u00e9pondu aux d\u00e9fis auxquels sont confront\u00e9s les ateliers de m\u00e9tallurgie en fournissant des produits s\u00fbrs [&hellip;]<\/p>\n","protected":false},"author":1,"featured_media":0,"parent":0,"menu_order":103,"comment_status":"closed","ping_status":"open","template":"templates\/template-full-width.php","meta":{"_acf_changed":false,"footnotes":""},"class_list":["post-542","page","type-page","status-publish","hentry"],"acf":[],"post_mailing_queue_ids":[],"_links":{"self":[{"href":"https:\/\/test.isblite.com\/fr\/wp-json\/wp\/v2\/pages\/542","targetHints":{"allow":["GET"]}}],"collection":[{"href":"https:\/\/test.isblite.com\/fr\/wp-json\/wp\/v2\/pages"}],"about":[{"href":"https:\/\/test.isblite.com\/fr\/wp-json\/wp\/v2\/types\/page"}],"author":[{"embeddable":true,"href":"https:\/\/test.isblite.com\/fr\/wp-json\/wp\/v2\/users\/1"}],"replies":[{"embeddable":true,"href":"https:\/\/test.isblite.com\/fr\/wp-json\/wp\/v2\/comments?post=542"}],"version-history":[{"count":32,"href":"https:\/\/test.isblite.com\/fr\/wp-json\/wp\/v2\/pages\/542\/revisions"}],"predecessor-version":[{"id":27444,"href":"https:\/\/test.isblite.com\/fr\/wp-json\/wp\/v2\/pages\/542\/revisions\/27444"}],"wp:attachment":[{"href":"https:\/\/test.isblite.com\/fr\/wp-json\/wp\/v2\/media?parent=542"}],"curies":[{"name":"wp","href":"https:\/\/api.w.org\/{rel}","templated":true}]}}